{"id":7447,"date":"2026-02-01T16:55:10","date_gmt":"2026-02-01T16:55:10","guid":{"rendered":"https:\/\/www.vinaminni.is\/?page_id=7447"},"modified":"2026-04-19T15:18:18","modified_gmt":"2026-04-19T15:18:18","slug":"leikskolagjold","status":"publish","type":"page","link":"https:\/\/www.vinaminni.is\/?page_id=7447","title":{"rendered":"Leiksk\u00f3lagj\u00f6ld"},"content":{"rendered":"<div class=\"wpb-content-wrapper\"><p>[vc_row][vc_column][vc_column_text css=&#8220;&#8220;]<\/p>\n<h3>Leiksk\u00f3lagj\u00f6ld \u00ed Vinaminni gilda fr\u00e1 1. apr\u00edl 2026<\/h3>\n<p>[\/vc_column_text][vc_empty_space][vc_column_text css=&#8220;&#8220;]Gjaldskr\u00e1in mi\u00f0ar vi\u00f0 gjaldfr\u00edan leiksk\u00f3la fyrir 36 stundir \u00e1 viku, eing\u00f6ngu er greitt f\u00e6\u00f0isgjald og Vinaminnisgjald ef dvalart\u00edmi er innan \u00feeirra marka.<\/p>\n<p>H\u00e9r a\u00f0 ne\u00f0an er h\u00e6gt a\u00f0 sj\u00e1 helstu d\u00e6mi um leiksk\u00f3lagj\u00f6ld fyrir b\u00f6rn eldri en 18 m\u00e1na\u00f0a \u00e1n afsl\u00e1tta fyrir 1 barn og 2 b\u00f6rn.[\/vc_column_text][vc_empty_space][\/vc_column][\/vc_row][vc_row][vc_column][\/vc_column][\/vc_row][vc_row][vc_column width=&#8220;1\/5&#8243;][vc_wp_text]<\/p>\n<p style=\"text-align: center;\"><strong>Leiksk\u00f3lagjald 1 barn<\/strong><\/p>\n<p style=\"text-align: center;\">&nbsp;[\/vc_wp_text][vc_wp_text]<\/p>\n<p style=\"text-align: center;\"><strong>&lt; 36 klst\u00a0 \u00a0 \u00a0 21.084 kr<\/strong><\/p>\n<p>[\/vc_wp_text][vc_wp_text]<\/p>\n<p style=\"text-align: center;\"><strong>\u00a0 \u00a038 klst\u00a0 \u00a0 \u00a029.134 kr<\/strong><\/p>\n<p>[\/vc_wp_text][vc_wp_text]<\/p>\n<p style=\"text-align: center;\"><strong>\u00a0 \u00a040 klst\u00a0 \u00a0 \u00a041.784 kr<\/strong><\/p>\n<p>[\/vc_wp_text][vc_wp_text]<\/p>\n<p style=\"text-align: center;\"><strong>42,5 klst\u00a0 \u00a0 \u00a064.784 kr<\/strong><\/p>\n<p>[\/vc_wp_text][vc_wp_text]<\/p>\n<p style=\"text-align: center;\"><strong>\u00a0 45 klst\u00a0 \u00a0 \u00a087.784 kr<\/strong><\/p>\n<p>[\/vc_wp_text][\/vc_column][vc_column width=&#8220;1\/5&#8243;][vc_wp_text][\/vc_wp_text][\/vc_column][vc_column width=&#8220;1\/5&#8243;][\/vc_column][vc_column width=&#8220;1\/5&#8243;][vc_wp_text]<\/p>\n<p style=\"text-align: center;\"><strong>Leiksk\u00f3lagjald 2 b\u00f6rn<\/strong><\/p>\n<p style=\"text-align: center;\">Reykjav\u00edk<\/p>\n<p>[\/vc_wp_text][vc_wp_text]<\/p>\n<p style=\"text-align: center;\"><strong>&lt; 36 klst\u00a0 \u00a0 \u00a0 42.167 kr<\/strong><\/p>\n<p>[\/vc_wp_text][vc_wp_text]<\/p>\n<p style=\"text-align: center;\"><strong>\u00a0 \u00a038 klst\u00a0 \u00a0 \u00a0 50.217 kr<\/strong><\/p>\n<p>[\/vc_wp_text][vc_wp_text]<\/p>\n<p style=\"text-align: center;\"><strong>\u00a0 \u00a040 klst\u00a0 \u00a0 \u00a0 62.867 kr<\/strong><\/p>\n<p>[\/vc_wp_text][vc_wp_text]<\/p>\n<p style=\"text-align: center;\"><strong>42,5 klst\u00a0 \u00a0 \u00a085.867 kr<\/strong><\/p>\n<p>[\/vc_wp_text][vc_wp_text]<\/p>\n<p style=\"text-align: center;\"><strong>\u00a0 \u00a045 klst\u00a0 \u00a0 \u00a0108.867 kr<\/strong><\/p>\n<p>[\/vc_wp_text][vc_wp_text]<\/p>\n<p style=\"text-align: center;\"><strong>\u00a0\u00a0<\/strong><\/p>\n<p>&nbsp;[\/vc_wp_text][\/vc_column][vc_column width=&#8220;1\/5&#8243;][vc_wp_text]<\/p>\n<p style=\"text-align: center;\"><strong>Leiksk\u00f3lagjald 2 b\u00f6rn<\/strong><\/p>\n<p style=\"text-align: center;\">\u00f6nnur sveitarf\u00e9l\u00f6g<\/p>\n<p>[\/vc_wp_text][vc_wp_text]<\/p>\n<p style=\"text-align: center;\"><strong>&lt; 36 klst\u00a0 \u00a0 \u00a0 42.167 kr<\/strong><\/p>\n<p>[\/vc_wp_text][vc_wp_text]<\/p>\n<p style=\"text-align: center;\"><strong>\u00a0 \u00a038 klst\u00a0 \u00a0 \u00a0 52.632 kr<\/strong><\/p>\n<p>[\/vc_wp_text][vc_wp_text]<\/p>\n<p style=\"text-align: center;\"><strong>\u00a0 \u00a040 klst\u00a0 \u00a0 \u00a0 69.077 kr<\/strong><\/p>\n<p>[\/vc_wp_text][vc_wp_text]<\/p>\n<p style=\"text-align: center;\"><strong>42,5 klst\u00a0 \u00a0 \u00a098.977 kr<\/strong><\/p>\n<p>[\/vc_wp_text][vc_wp_text]<\/p>\n<p style=\"text-align: center;\"><strong>\u00a0 \u00a045 klst\u00a0 \u00a0 \u00a0128.877 kr<\/strong><\/p>\n<p>[\/vc_wp_text][\/vc_column][\/vc_row][vc_row][vc_column][vc_gallery type=&#8220;image_grid&#8220; images=&#8220;7677,7676&#8243; css=&#8220;&#8220;][vc_empty_space][vc_column_text css=&#8220;&#8220;]F\u00e6\u00f0isgjald er 17.584 kr. og Vinaminnisgjald er 3.500 kr. Foreldri grei\u00f0ir alltaf f\u00e6\u00f0isgjald og Vinaminnisgjald og \u00fev\u00ed engir afsl\u00e6ttir af \u00feeim gj\u00f6ldum.<\/p>\n<p>Leiksk\u00f3lagj\u00f6ld fyrir b\u00f6rn yngri en 18 m\u00e1na\u00f0a er 30% h\u00e6rri en leiksk\u00f3lagj\u00f6ld fyrir b\u00f6rn eldri en 18 m\u00e1na\u00f0a.[\/vc_column_text][vc_empty_space][vc_column_text css=&#8220;&#8220;]<strong>N\u00e1msgjald.\u00a0<\/strong>Fyrir hvern h\u00e1lft\u00edma umfram 36 klst er teki\u00f0 gjald og h\u00e6kkar \u00fea\u00f0 fyrir hvern h\u00e1lft\u00edma.<\/p>\n<p>0 kr\u00a0 \u00a0 \u00a0 \u00a0 \u00a0 \u00a0 \u00a0 30,0 &#8211; 36,0 dvalarstundir \u00e1 viku\u00a0 6,1 &#8211; 7,2 klst a\u00f0 me\u00f0altali \u00e1 dag<br \/>\n2.013 kr\u00a0 \u00a0 \u00a0 \u00a036,1 &#8211; 38,0 dvalarstundir \u00e1 viku\u00a0 \u00a0 7,3 &#8211; 7,6 klst a\u00f0 me\u00f0altali \u00e1 dag<br \/>\n3.163 kr\u00a0 \u00a0 \u00a0 \u00a038,1 &#8211; 40,0 dvalarstundir \u00e1 viku\u00a0 \u00a0 7,7 &#8211; 8,0 klst a\u00f0 me\u00f0altali \u00e1 dag<br \/>\n4.600 kr\u00a0 \u00a0 \u00a0 40,1 &#8211; 45,0 dvalarstundir \u00e1 viku\u00a0 \u00a0 8,1 &#8211; 9,0 klst a\u00f0 me\u00f0altali \u00e1 dag<\/p>\n<p>&nbsp;[\/vc_column_text][vc_column_text css=&#8220;&#8220;]<strong>Systkinaafsl\u00e1ttur<\/strong> er 100% af n\u00e1msgjaldi fyrir b\u00f6rn b\u00fasett \u00ed Reykajv\u00edk og 70% fyrir b\u00f6rn b\u00fasett \u00ed \u00f6\u00f0ru sveitarf\u00e9lagi en Reykjav\u00edk.[\/vc_column_text][vc_empty_space][vc_column_text css=&#8220;&#8220;]<strong>Afsl\u00e6ttir <\/strong><strong>af n\u00e1msgjaldi<\/strong> vegna tekjuvi\u00f0mi\u00f0a fyrir foreldra b\u00fasetta \u00ed Reykjav\u00edk m\u00e1 sj\u00e1 \u00ed eftirfarandi t\u00f6flu. Afsl\u00e6ttir vegna tekjuvi\u00f0mi\u00f0a foreldra sem b\u00fasettir eru \u00ed \u00f6\u00f0rum sveitarf\u00e9l\u00f6gum eru \u00ed samr\u00e6mi vi\u00f0 vi\u00f0mi\u00f0 tilheyrandi sveitarf\u00e9laga.[\/vc_column_text][vc_empty_space][\/vc_column][\/vc_row][vc_row][vc_column width=&#8220;1\/5&#8243;][vc_column_text css=&#8220;&#8220;]<\/p>\n<p style=\"text-align: center;\"><strong>Einst\u00e6\u00f0ir<\/strong><\/p>\n<p>[\/vc_column_text][vc_column_text css=&#8220;&#8220;]<\/p>\n<p style=\"text-align: center;\">\u00c1rstekjur \/ Afsl\u00e1ttur<\/p>\n<p>[\/vc_column_text][vc_column_text css=&#8220;&#8220;]<\/p>\n<p style=\"text-align: center;\">\u00a0 \u00a0&lt; 8 mkr\u00a0 \u00a0 \u00a075%<\/p>\n<p>[\/vc_column_text][vc_column_text css=&#8220;&#8220;]<\/p>\n<p style=\"text-align: center;\">8 &#8211; 13 mkr\u00a0 \u00a0 \u00a050%<\/p>\n<p>[\/vc_column_text][vc_column_text css=&#8220;&#8220;]<\/p>\n<p style=\"text-align: center;\">\u00a0 \u00a0&gt; 13 mkr\u00a0 \u00a0 \u00a040%<\/p>\n<p>[\/vc_column_text][vc_column_text css=&#8220;&#8220;][\/vc_column_text][\/vc_column][vc_column width=&#8220;1\/5&#8243;][vc_column_text css=&#8220;&#8220;]<\/p>\n<p style=\"text-align: center;\"><strong>Samb\u00fa\u00f0arf\u00f3lk<\/strong><\/p>\n<p>[\/vc_column_text][vc_column_text css=&#8220;&#8220;]<\/p>\n<p style=\"text-align: center;\">\u00c1rstekjur \/ Afsl\u00e1ttur<\/p>\n<p>[\/vc_column_text][vc_column_text css=&#8220;&#8220;]<\/p>\n<p style=\"text-align: center;\">\u00a0&lt; 11 mkr\u00a0 \u00a0 \u00a0 40%<\/p>\n<p>[\/vc_column_text][vc_column_text css=&#8220;&#8220;]<\/p>\n<p style=\"text-align: center;\">11 &#8211; 18 mkr\u00a0 \u00a0 \u00a020%<\/p>\n<p>[\/vc_column_text][vc_column_text css=&#8220;&#8220;]<\/p>\n<p style=\"text-align: center;\">\u00a0&gt; 18 mkr\u00a0 \u00a0 \u00a0 \u00a00%<\/p>\n<p>[\/vc_column_text][\/vc_column][vc_column width=&#8220;1\/5&#8243;][\/vc_column][vc_column width=&#8220;1\/5&#8243;][\/vc_column][vc_column width=&#8220;1\/5&#8243;][\/vc_column][\/vc_row][vc_row][vc_column][vc_empty_space][vc_column_text css=&#8220;&#8220;]<\/p>\n<h3>Almennt um leiksk\u00f3lagj\u00f6ld \u00ed Vinaminni<\/h3>\n<p>[\/vc_column_text][vc_empty_space][vc_column_text css=&#8220;&#8220;]Leiksk\u00f3lagj\u00f6ld samanstanda af f\u00e6\u00f0isgjaldi, n\u00e1msgjaldi og Vinaminnisgjaldi[\/vc_column_text][vc_column_text css=&#8220;&#8220;]N\u00e1msgjald er h\u00e1\u00f0 dvalart\u00edma barns.\u00a0Semja \u00fearf um dvalart\u00edma barns vi\u00f0 leiksk\u00f3lastj\u00f3ra hverju sinni og <b>s\u00f3tt er um breyttan dvalart\u00edma \u00ed gegnum <a href=\"https:\/\/umsokn.vala.is\/login\">V\u00f6luna<\/a>.\u00a0<\/b>Leiksk\u00f3linn er opinn milli 7:30 &#8211; 16:30 alla virka daga. Dvalart\u00edmi barna hefst fyrir kl 9:00.<\/p>\n<p><strong>S\u00f3tt er um tekjutengda afsl\u00e6tti af n\u00e1msgjaldi og veittar ver\u00f0a n\u00e1nari uppl\u00fdsingar um \u00fea\u00f0 s\u00ed\u00f0ar.<\/strong><\/p>\n<p>F\u00e6\u00f0isgjald er fyrir morgunmat, h\u00e1degismat og hressingar.<\/p>\n<p>Vinnaminnisgjald er gjald sem er m.a. vegna f\u00e6rri lokana vegna starfsdaga \u00e1samt vi\u00f0b\u00f3tarm\u00f6nnunar \u00e1 deildum. Ekki er innheimt gjald vegna skr\u00e1ningardaga.<\/p>\n<p>Leiksk\u00f3lagj\u00f6ld \u00ed Vinaminni eru almennt 15% h\u00e6rri en leiksk\u00f3lagj\u00f6ld \u00ed Reykjav\u00edk \u00fear sem framlag Reykjav\u00edkurborgar til sj\u00e1lfst\u00e6tt starfandi leiksk\u00f3la er 15% l\u00e6gri en til borgarrekinna leiksk\u00f3la. Leiksk\u00f3lagj\u00f6ld eru 45% h\u00e6rri fyrir b\u00f6rn yngri en 18 m\u00e1na\u00f0a vegna s\u00f6mu \u00e1st\u00e6\u00f0na.<\/p>\n<p>Almennt er horft til \u00feess a\u00f0 leiksk\u00f3lagj\u00f6ld fyrir b\u00f6rn b\u00fasett \u00ed \u00f6\u00f0ru sveitarf\u00e9lagi en Reykjav\u00edk, eru \u00ed samr\u00e6mi vi\u00f0 gj\u00f6ld og afsl\u00e6tti \u00ed l\u00f6gheimilissveitarf\u00e9lagi \u00feess \u00fear sem l\u00f6gheimilissveitarf\u00e9lag barns veitir ni\u00f0urgrei\u00f0slu vegna sk\u00f3lag\u00f6ngu \u00feess \u00ed leiksk\u00f3la.<\/p>\n<p>Leiksk\u00f3lagj\u00f6ld eru innheimt 11 m\u00e1nu\u00f0i \u00e1 \u00e1ri. Ekki eru innheint leiksk\u00f3lagj\u00f6ld \u00feann m\u00e1nu\u00f0 sem leiksk\u00f3linn er loka\u00f0ur vegna sumarleyfa.<\/p>\n<p>Leiksk\u00f3linn Vinaminni er loka\u00f0ur \u00e1 a\u00f0fangadag og gaml\u00e1rsdag. Leiksk\u00f3lagj\u00f6ld l\u00e6kka ekki vegna \u00feessa.<\/p>\n<p><b>Leiksk\u00f3lagj\u00f6ld grei\u00f0ast fyrirfram<\/b> og er eindagi 6. hvers m\u00e1na\u00f0ar. Gjaldskr\u00e1 getur breyst \u00e1n fyrirvara.<\/p>\n<p>Uppsagnarfrestur \u00e1 leiksk\u00f3lapl\u00e1ssi er einn m\u00e1nu\u00f0ur. Gott er a\u00f0 l\u00e1ta vita eins flj\u00f3tt og unnt er. Upps\u00f6gn skal vera skriflega og mi\u00f0ast vi\u00f0 1. e\u00f0a 15. hvers m\u00e1na\u00f0ar.<\/p>\n<p>S\u00e9u leiksk\u00f3lagj\u00f6ld komin \u00ed 2ja m\u00e1na\u00f0a vanskil \u00fe\u00e1 jafngildir \u00fea\u00f0 upps\u00f6gn.[\/vc_column_text][vc_empty_space][vc_empty_space][\/vc_column][\/vc_row]<\/p>\n<\/div>","protected":false},"excerpt":{"rendered":"<p>[vc_row][vc_column][vc_column_text css=&#8220;&#8220;] Leiksk\u00f3lagj\u00f6ld \u00ed Vinaminni gilda fr\u00e1 1. apr\u00edl 2026 [\/vc_column_text][vc_empty_space][vc_column_text css=&#8220;&#8220;]Gjaldskr\u00e1in mi\u00f0ar vi\u00f0 gjaldfr\u00edan leiksk\u00f3la fyrir 36 stundir \u00e1 viku, eing\u00f6ngu er greitt f\u00e6\u00f0isgjald og Vinaminnisgjald ef dvalart\u00edmi er innan \u00feeirra marka. H\u00e9r a\u00f0 ne\u00f0an er h\u00e6gt a\u00f0 sj\u00e1 helstu d\u00e6mi um leiksk\u00f3lagj\u00f6ld fyrir b\u00f6rn eldri en 18 m\u00e1na\u00f0a \u00e1n afsl\u00e1tta fyrir 1 barn [&hellip;]<\/p>\n","protected":false},"author":5,"featured_media":0,"parent":3082,"menu_order":0,"comment_status":"closed","ping_status":"closed","template":"","meta":{"footnotes":"","_wpscppro_dont_share_socialmedia":false,"_wpscppro_custom_social_share_image":0,"_facebook_share_type":"","_twitter_share_type":"","_linkedin_share_type":"","_pinterest_share_type":"","_linkedin_share_type_page":"","_instagram_share_type":"","_medium_share_type":"","_threads_share_type":"","_google_business_share_type":"","_selected_social_profile":[],"_wpsp_enable_custom_social_template":false,"_wpsp_social_scheduling":{"enabled":false,"datetime":null,"platforms":[],"status":"template_only","dateOption":"today","timeOption":"now","customDays":"","customHours":"","customDate":"","customTime":"","schedulingType":"absolute"},"_wpsp_active_default_template":true},"class_list":["post-7447","page","type-page","status-publish","hentry"],"_links":{"self":[{"href":"https:\/\/www.vinaminni.is\/index.php?rest_route=\/wp\/v2\/pages\/7447","targetHints":{"allow":["GET"]}}],"collection":[{"href":"https:\/\/www.vinaminni.is\/index.php?rest_route=\/wp\/v2\/pages"}],"about":[{"href":"https:\/\/www.vinaminni.is\/index.php?rest_route=\/wp\/v2\/types\/page"}],"author":[{"embeddable":true,"href":"https:\/\/www.vinaminni.is\/index.php?rest_route=\/wp\/v2\/users\/5"}],"replies":[{"embeddable":true,"href":"https:\/\/www.vinaminni.is\/index.php?rest_route=%2Fwp%2Fv2%2Fcomments&post=7447"}],"version-history":[{"count":96,"href":"https:\/\/www.vinaminni.is\/index.php?rest_route=\/wp\/v2\/pages\/7447\/revisions"}],"predecessor-version":[{"id":7682,"href":"https:\/\/www.vinaminni.is\/index.php?rest_route=\/wp\/v2\/pages\/7447\/revisions\/7682"}],"up":[{"embeddable":true,"href":"https:\/\/www.vinaminni.is\/index.php?rest_route=\/wp\/v2\/pages\/3082"}],"wp:attachment":[{"href":"https:\/\/www.vinaminni.is\/index.php?rest_route=%2Fwp%2Fv2%2Fmedia&parent=7447"}],"curies":[{"name":"wp","href":"https:\/\/api.w.org\/{rel}","templated":true}]}}