{"id":3950,"date":"2017-05-14T10:16:49","date_gmt":"2017-05-14T10:16:49","guid":{"rendered":"http:\/\/www.vinaminni.is\/?page_id=3950"},"modified":"2025-08-15T12:24:47","modified_gmt":"2025-08-15T12:24:47","slug":"skolanamskra","status":"publish","type":"page","link":"https:\/\/www.vinaminni.is\/?page_id=3950","title":{"rendered":"Sk\u00f3lan\u00e1mskr\u00e1"},"content":{"rendered":"<div class=\"wpb-content-wrapper\"><p>[vc_row][vc_column][vc_column_text]<\/p>\n<h1 style=\"text-align: center;\">Leiksk\u00f3linn Vinaminni<br \/>\nSk\u00f3lan\u00e1mskr\u00e1<\/h1>\n<p>[\/vc_column_text][vc_empty_space][\/vc_column][\/vc_row]<\/p>\n\n\n\n<p>[vc_row][vc_column width=&#8220;1\/4&#8243;][\/vc_column][vc_column width=&#8220;1\/2&#8243;][vc_single_image image=&#8220;3955&#8243; img_size=&#8220;large&#8220;][\/vc_column][vc_column width=&#8220;1\/4&#8243;][\/vc_column][\/vc_row][vc_row][vc_column][vc_empty_space][vc_empty_space][\/vc_column][\/vc_row]<\/p>\n\n\n<p>[vc_row][vc_column][vc_column_text]<\/p>\n<h4 style=\"text-align: center;\"><span style=\"color: #000000;\">Einkunnaror\u00f0 leiksk\u00f3lans Vinaminnis:<\/span><\/h4>\n<p>[\/vc_column_text][vc_empty_space height=&#8220;20px&#8220;][vc_column_text]<\/p>\n<h5 style=\"text-align: center;\"><span style=\"color: #339966;\">Leikurinn \u00e1 v\u00edsd\u00f3m veit<\/span><\/h5>\n<p>[\/vc_column_text][vc_empty_space height=&#8220;20px&#8220;][vc_column_text]<\/p>\n<h4 style=\"text-align: center;\"><span style=\"color: #000000;\">Gildi<\/span><\/h4>\n<p>[\/vc_column_text][vc_empty_space height=&#8220;20px&#8220;][vc_column_text]<\/p>\n<h5 style=\"text-align: center;\"><span style=\"color: #339966;\">Vir\u00f0ing, gle\u00f0i, traust<\/span><\/h5>\n<p>[\/vc_column_text][vc_empty_space height=&#8220;20px&#8220;][vc_column_text]\u00datg\u00e1fu\u00e1r 2025[\/vc_column_text][\/vc_column][\/vc_row]<\/p>\n\n\n\n<p class=\"has-text-align-center\"><a href=\"http:\/\/www.vinaminni.is\/wp-content\/uploads\/2025\/08\/Skolanamskra-2025_rma.pdf\" target=\"_blank\" rel=\"noreferrer noopener\">SMELLI\u00d0 H\u00c9R TIL A\u00d0 S\u00c6KJA Sk\u00f3lan\u00e1mskr\u00e1 2025<\/a><\/p>\n<\/div>","protected":false},"excerpt":{"rendered":"<p>[vc_row][vc_column width=&#8220;1\/4&#8243;][\/vc_column][vc_column width=&#8220;1\/2&#8243;][vc_single_image image=&#8220;3955&#8243; img_size=&#8220;large&#8220;][\/vc_column][vc_column width=&#8220;1\/4&#8243;][\/vc_column][\/vc_row][vc_row][vc_column][vc_empty_space][vc_empty_space][\/vc_column][\/vc_row] SMELLI\u00d0 H\u00c9R TIL A\u00d0 S\u00c6KJA Sk\u00f3lan\u00e1mskr\u00e1 2025<\/p>\n","protected":false},"author":3,"featured_media":0,"parent":0,"menu_order":0,"comment_status":"closed","ping_status":"closed","template":"","meta":{"footnotes":"","_wpscppro_dont_share_socialmedia":false,"_wpscppro_custom_social_share_image":0,"_facebook_share_type":"","_twitter_share_type":"","_linkedin_share_type":"","_pinterest_share_type":"","_linkedin_share_type_page":"","_instagram_share_type":"","_medium_share_type":"","_threads_share_type":"","_google_business_share_type":"","_selected_social_profile":[],"_wpsp_enable_custom_social_template":false,"_wpsp_social_scheduling":{"enabled":false,"datetime":null,"platforms":[],"status":"template_only","dateOption":"today","timeOption":"now","customDays":"","customHours":"","customDate":"","customTime":"","schedulingType":"absolute"},"_wpsp_active_default_template":true},"class_list":["post-3950","page","type-page","status-publish","hentry"],"_links":{"self":[{"href":"https:\/\/www.vinaminni.is\/index.php?rest_route=\/wp\/v2\/pages\/3950","targetHints":{"allow":["GET"]}}],"collection":[{"href":"https:\/\/www.vinaminni.is\/index.php?rest_route=\/wp\/v2\/pages"}],"about":[{"href":"https:\/\/www.vinaminni.is\/index.php?rest_route=\/wp\/v2\/types\/page"}],"author":[{"embeddable":true,"href":"https:\/\/www.vinaminni.is\/index.php?rest_route=\/wp\/v2\/users\/3"}],"replies":[{"embeddable":true,"href":"https:\/\/www.vinaminni.is\/index.php?rest_route=%2Fwp%2Fv2%2Fcomments&post=3950"}],"version-history":[{"count":21,"href":"https:\/\/www.vinaminni.is\/index.php?rest_route=\/wp\/v2\/pages\/3950\/revisions"}],"predecessor-version":[{"id":7312,"href":"https:\/\/www.vinaminni.is\/index.php?rest_route=\/wp\/v2\/pages\/3950\/revisions\/7312"}],"wp:attachment":[{"href":"https:\/\/www.vinaminni.is\/index.php?rest_route=%2Fwp%2Fv2%2Fmedia&parent=3950"}],"curies":[{"name":"wp","href":"https:\/\/api.w.org\/{rel}","templated":true}]}}