{"id":3168,"date":"2016-11-20T16:14:06","date_gmt":"2016-11-20T16:14:06","guid":{"rendered":"http:\/\/www.vinaminni.is\/?page_id=3168"},"modified":"2018-10-21T19:44:21","modified_gmt":"2018-10-21T19:44:21","slug":"sagan-okkar","status":"publish","type":"page","link":"https:\/\/www.vinaminni.is\/?page_id=3168","title":{"rendered":"Sagan okkar"},"content":{"rendered":"<div class=\"wpb-content-wrapper\"><p>[vc_row][vc_column][vc_column_text]Leiksk\u00f3linn Vinaminni er sj\u00e1lfst\u00e6tt starfandi leiksk\u00f3li \u00ed Asparfelli 10 &#8211; 12 \u00ed Reykjav\u00edk. Hann h\u00f3f starfsemi 14. jan\u00faar 1994. Stofnendur leiksk\u00f3lans voru \u00fer\u00edr leiksk\u00f3lakennarar , S\u00f3lveig Einarsd\u00f3ttir, Gu\u00f0r\u00ed\u00f0ur J\u00f3nsd\u00f3ttir og Marit Gu\u00f0nad\u00f3ttir. Sex \u00e1rum s\u00ed\u00f0ar h\u00f6f\u00f0u b\u00e6\u00f0i Gu\u00f0r\u00ed\u00f0ur og Marit selt sinn hlut og hefur S\u00f3lveig st\u00fdrt og reki\u00f0 leiksk\u00f3anum ein upp fr\u00e1 \u00fev\u00ed<\/p>\n<p>Vi\u00f0 upphaf leiksk\u00f3lans voru b\u00f6rnin alls 47 \u00ed \u00feremur deildum vi\u00f0 Asparfell 10. \u00c1ri\u00f0 2011 var leiksk\u00f3linn st\u00e6kka\u00f0ur og h\u00fasn\u00e6\u00f0i vi\u00f0 Asparfell 12 teki\u00f0 \u00ed notkun. Starfsa\u00f0sta\u00f0an var\u00f0 \u00f6ll l\u00e9ttari og skemmtilegri \u00ed n\u00fdju og r\u00famd\u00f3\u00f0u h\u00fasn\u00e6\u00f0i. Leiksk\u00f3lab\u00f6rnunum fj\u00f6lga\u00f0i \u00ed 86 \u00e1 fj\u00f3rum deildum, starfsm\u00f6nnum fj\u00f6lga\u00f0i a\u00f0 sama skapi um r\u00famlega helming.<\/p>\n<p style=\"text-align: center;\">Einkunnaror\u00f0 leiksk\u00f3lans eru:<em><span style=\"color: #3366ff;\"> Leikurinn \u00e1 v\u00edsd\u00f3m veit.<\/span><\/em><br \/>\nGildi: <em><span style=\"color: #3366ff;\">Vir\u00f0ing, gle\u00f0i, traust.<\/span><\/em><\/p>\n<p>\u00cd starfinu me\u00f0 b\u00f6rnunum \u00ed Vinaminni er a\u00f0al\u00e1hersla l\u00f6g\u00f0 \u00e1 samskipti, a\u00f0 tala\u00f0 s\u00e9 me\u00f0 vir\u00f0ingu vi\u00f0 b\u00f6rnin og \u00feau l\u00e6ri a\u00f0 leysa deildur \u00e1 fir\u00f0saman h\u00e1tt. \u00c1hersla er l\u00f6g\u00f0 \u00e1 a\u00f0 einstaklingurinn f\u00e1i a\u00f0 nj\u00f3ta s\u00edn og stu\u00f0la\u00f0 a\u00f0 \u00fev\u00ed a\u00f0 b\u00f6rnin ver\u00f0i sj\u00e1lfst\u00e6\u00f0ir og skapandi einstaklingar, f\u00e9lagslega sterkir og me\u00f0 g\u00f3\u00f0a sj\u00e1lfsmynd.<\/p>\n<p>G\u00f3\u00f0ur leiksk\u00f3li er \u00fear sem gle\u00f0i, vir\u00f0ing og traust r\u00edkir, og \u00fear sem er g\u00f3\u00f0ur starfsandi. Vi\u00f0 fullor\u00f0na f\u00f3lki\u00f0 yfirf\u00e6rum gle\u00f0ina og starfsandann til barnanna. B\u00f6rnin eru besta f\u00f3lki\u00f0 en til a\u00f0 starfi\u00f0 \u00ed leiksk\u00f3lanum s\u00e9 uppbyggilegt, fr\u00e6\u00f0andi og \u00e1hugavert fyrir b\u00f6rnin \u00fearf a\u00f0 hafa gott starfsf\u00f3lk. \u00dev\u00ed er mikilv\u00e6gt fyrir Vinaminni a\u00f0 hafa \u00e1n\u00e6gt og gott starfsf\u00f3lk sem gefur b\u00f6rnunum t\u00e6kif\u00e6ri til a\u00f0 efla sj\u00e1lfsmyndina, sj\u00e1lfst\u00e6\u00f0i sitt og f\u00e9lagsf\u00e6rni og teygja sig \u00e6t\u00ed\u00f0 skrefinu lengra \u00ed \u00feekkingarleit sinni.<\/p>\n<p>Gott foreldrasamstarf er grundv\u00f6llur \u00feess a\u00f0 b\u00f6rnunum l\u00ed\u00f0 vel \u00ed leiksk\u00f3lanum s\u00ednum. Fj\u00f6lskyldan er mikilv\u00e6gust fyrir barni\u00f0 og miki\u00f0 er lagt upp \u00far g\u00f3\u00f0um samskiptum og uppl\u00fdsingagj\u00f6f vi\u00f0 foreldra \u00ed Vinaminni og a\u00f0 f\u00e1 \u00fe\u00e1 inn \u00ed sk\u00f3lann. Foreldramorgunver\u00f0ur Vinaminnis \u00e1 f\u00f6stud\u00f6gum er t.d. gr\u00ed\u00f0arlega vins\u00e6ll og g\u00f3\u00f0 lei\u00f0 til a\u00f0 efla foreldrasamstarfi\u00f0.<\/p>\n<p>Vi\u00f0 sem st\u00f6rfum me\u00f0 b\u00f6rnunum \u00ed Vinaminni horfum bj\u00f6rtum augum fram \u00e1 veginn og hl\u00f6kkum til a\u00f0 \u00fer\u00f3a starfi\u00f0 enn frekar me\u00f0 b\u00f6rnunum og takast \u00e1 vi\u00f0 n\u00fd verkefni jafnframt \u00fev\u00ed a\u00f0 halda \u00e1fram \u00e1 s\u00f6mu braut og vi\u00f0 h\u00f6fum ver\u00f0i\u00f0 \u00e1.<\/p>\n<p>&nbsp;<\/p>\n<p>[\/vc_column_text][\/vc_column][\/vc_row]<\/p>\n<\/div>","protected":false},"excerpt":{"rendered":"<p>[vc_row][vc_column][vc_column_text]Leiksk\u00f3linn Vinaminni er sj\u00e1lfst\u00e6tt starfandi leiksk\u00f3li \u00ed Asparfelli 10 &#8211; 12 \u00ed Reykjav\u00edk. Hann h\u00f3f starfsemi 14. jan\u00faar 1994. Stofnendur leiksk\u00f3lans voru \u00fer\u00edr leiksk\u00f3lakennarar , S\u00f3lveig Einarsd\u00f3ttir, Gu\u00f0r\u00ed\u00f0ur J\u00f3nsd\u00f3ttir og Marit Gu\u00f0nad\u00f3ttir. Sex \u00e1rum s\u00ed\u00f0ar h\u00f6f\u00f0u b\u00e6\u00f0i Gu\u00f0r\u00ed\u00f0ur og Marit selt sinn hlut og hefur S\u00f3lveig st\u00fdrt og reki\u00f0 leiksk\u00f3anum ein upp fr\u00e1 \u00fev\u00ed Vi\u00f0 [&hellip;]<\/p>\n","protected":false},"author":2,"featured_media":0,"parent":0,"menu_order":0,"comment_status":"closed","ping_status":"closed","template":"","meta":{"footnotes":"","_wpscppro_dont_share_socialmedia":false,"_wpscppro_custom_social_share_image":0,"_facebook_share_type":"","_twitter_share_type":"","_linkedin_share_type":"","_pinterest_share_type":"","_linkedin_share_type_page":"","_instagram_share_type":"","_medium_share_type":"","_threads_share_type":"","_google_business_share_type":"","_selected_social_profile":[],"_wpsp_enable_custom_social_template":false,"_wpsp_social_scheduling":{"enabled":false,"datetime":null,"platforms":[],"status":"template_only","dateOption":"today","timeOption":"now","customDays":"","customHours":"","customDate":"","customTime":"","schedulingType":"absolute"},"_wpsp_active_default_template":true},"class_list":["post-3168","page","type-page","status-publish","hentry"],"_links":{"self":[{"href":"https:\/\/www.vinaminni.is\/index.php?rest_route=\/wp\/v2\/pages\/3168","targetHints":{"allow":["GET"]}}],"collection":[{"href":"https:\/\/www.vinaminni.is\/index.php?rest_route=\/wp\/v2\/pages"}],"about":[{"href":"https:\/\/www.vinaminni.is\/index.php?rest_route=\/wp\/v2\/types\/page"}],"author":[{"embeddable":true,"href":"https:\/\/www.vinaminni.is\/index.php?rest_route=\/wp\/v2\/users\/2"}],"replies":[{"embeddable":true,"href":"https:\/\/www.vinaminni.is\/index.php?rest_route=%2Fwp%2Fv2%2Fcomments&post=3168"}],"version-history":[{"count":6,"href":"https:\/\/www.vinaminni.is\/index.php?rest_route=\/wp\/v2\/pages\/3168\/revisions"}],"predecessor-version":[{"id":4637,"href":"https:\/\/www.vinaminni.is\/index.php?rest_route=\/wp\/v2\/pages\/3168\/revisions\/4637"}],"wp:attachment":[{"href":"https:\/\/www.vinaminni.is\/index.php?rest_route=%2Fwp%2Fv2%2Fmedia&parent=3168"}],"curies":[{"name":"wp","href":"https:\/\/api.w.org\/{rel}","templated":true}]}}