{"id":3088,"date":"2016-11-20T12:41:45","date_gmt":"2016-11-20T12:41:45","guid":{"rendered":"http:\/\/www.vinaminni.is\/?page_id=3088"},"modified":"2026-02-01T20:04:52","modified_gmt":"2026-02-01T20:04:52","slug":"markmid-leikskolans-2","status":"publish","type":"page","link":"https:\/\/www.vinaminni.is\/?page_id=3088","title":{"rendered":"Markmi\u00f0in"},"content":{"rendered":"<div class=\"wpb-content-wrapper\"><p>[vc_row css=&#8220;.vc_custom_1411476739640{padding-top: 50px !important;padding-bottom: 50px !important;background-color: #e8e8e8 !important;background-position: center !important;background-repeat: no-repeat !important;background-size: cover !important;}&#8220;][vc_column][vc_row_inner][vc_column_inner width=&#8220;1\/4&#8243;][\/vc_column_inner][vc_column_inner width=&#8220;1\/2&#8243;][vc_column_text css=&#8220;&#8220;]<\/p>\n<h3 style=\"text-align: left;\"><span style=\"color: #000000;\">Markmi\u00f0 leiksk\u00f3lans Vinaminnis\u00a0<\/span><\/h3>\n<p style=\"text-align: right;\"><strong><span style=\"color: #339966;\"><em>taka\u00a0mi\u00f0 af\u00a0<\/em><\/span><\/strong><span style=\"color: #000000; text-align: right;\"><strong><span style=\"color: #339966;\"><em>l\u00f6gum um leiksk\u00f3la og grunn\u00fe\u00e1ttum menntunar.<\/em><\/span><\/strong><\/span><\/p>\n<div style=\"text-align: left;\" data-canvas-width=\"818.4110291604004\"><span style=\"color: #000000;\">Grunn\u00fe\u00e6ttir menntunar, markmi\u00f0 og starfsh\u00e6ttir leiksk\u00f3lans fl\u00e9ttast saman \u00ed \u00f6llu starfi sk\u00f3lans.<\/span><\/div>\n<ul>\n<li>A\u00f0 b\u00f6rnin f\u00e1i t\u00e6kif\u00e6ri til a\u00f0 taka \u00fe\u00e1tt \u00ed merkingarb\u00e6ru starfi og <strong>hafi \u00e1hrif \u00e1 val<\/strong> \u00e1 vi\u00f0fangsefnum leiksk\u00f3lastarfsins<\/li>\n<li>A\u00f0 veita b\u00f6rnunum<strong> l\u00e6sishvetjandi umhverfi, stu\u00f0la a\u00f0 g\u00f3\u00f0u \u00edslensku m\u00e1li<\/strong>, og sty\u00f0ja vi\u00f0 og hj\u00e1lpa \u00feeim b\u00f6rnum sem standa h\u00f6llum f\u00e6ti \u00ed \u00edslenskunni.<\/li>\n<li>A\u00f0<strong> efla sk\u00f6punarh\u00e6fileika<\/strong> barnanna, <strong>gagnr\u00fdna hugsun<\/strong> og a\u00f0 styrkja \u00feau \u00ed a\u00f0 finna lausnir<\/li>\n<li>A\u00f0 <strong>hvetja b\u00f6rnin til sj\u00e1lfst\u00e6\u00f0is, sj\u00e1fsvitundar og sty\u00f0ja \u00feau \u00ed tr\u00fa \u00e1 eigin getu<\/strong> og samskipti \u00feeirra einkennist af vir\u00f0ingu og jafnr\u00e9tti \u00f3h\u00e1\u00f0 uppruna og margbreytileika.<\/li>\n<li>A\u00f0 styrkja andlega, l\u00edkamlega og f\u00e9lagslega vell\u00ed\u00f0an barnanna<\/li>\n<li>A\u00f0 sty\u00f0ja vi\u00f0 \u00feroska og \u00fearfir barna me\u00f0 f\u00f6tlun og s\u00e9r\u00fearfir, <strong>inngilding &#8211; fullgilding<\/strong><\/li>\n<li>A\u00f0 veita b\u00f6rnunum t\u00e6kif\u00e6ri til a\u00f0 <strong>kynnast n\u00e1tt\u00faru, umhverfi, menningu og samf\u00e9lagi<\/strong><\/li>\n<li>A\u00f0 b\u00f6rnin<strong> \u00f6\u00f0list hamingju og gle\u00f0i<\/strong> \u00ed leiksk\u00f3lastarfinu og \u00feau finni sig hluta af heild<\/li>\n<li>A\u00f0 <strong>samstarf foreldra og leiksk\u00f3la s\u00e9 traust og opi\u00f0<\/strong>, a\u00f0 foreldrar komi me\u00f0 uppbyggilega gagnr\u00fdni \u00e1 starf leiksk\u00f3lans sem lei\u00f0ir af s\u00e9r metna\u00f0arfyllri menntun barnanna svo n\u00e1m og vell\u00ed\u00f0an \u00feeirra ver\u00f0i meira<br \/>\nog betra.<\/li>\n<\/ul>\n<p><span style=\"color: #000000;\">\u00c1vallt skal hafa \u00fea\u00f0 \u00ed huga a\u00f0 b\u00f6rnin eru litlir einstaklingar sem eru a\u00f0 \u00feroskast og dafna. Allt sem \u00feau hafast a\u00f0 \u00ed leiksk\u00f3lanum, vi\u00f0m\u00f3t og samskipti eflir \u00feau \u00ed hinum alhli\u00f0a \u00feroska og m\u00f3tar \u00feau til framt\u00ed\u00f0ar. S\u00fa \u00feekking og f\u00e6rni sem \u00feau \u00f6\u00f0last \u00e1 leiksk\u00f3la\u00e1runum \u00f6rvar \u00feau til d\u00e1\u00f0a \u00ed \u00feekkingarleit sinni. \u00dev\u00ed er mikilv\u00e6gt a\u00f0 b\u00f6rnin f\u00e1i a\u00f0 \u00feroskast \u00e1 eigin forsendum. J\u00e1kv\u00e6\u00f0 samskipti eru forsenda vir\u00f0ingar og jafnr\u00e9ttis. Sj\u00e1lfst\u00e6\u00f0i og f\u00e9lagsf\u00e6rni veitir b\u00f6rnunum vell\u00ed\u00f0an og hamingju sem hvetur \u00feau \u00e1fram og \u00feau skynja merkingu vi\u00f0fangsefnanna.<\/span>[\/vc_column_text][vc_empty_space height=&#8220;20px&#8220;][vc_separator color=&#8220;juicy_pink&#8220; el_width=&#8220;50&#8243;][\/vc_column_inner][vc_column_inner width=&#8220;1\/4&#8243;][\/vc_column_inner][\/vc_row_inner][\/vc_column][\/vc_row]<\/p>\n<\/div>","protected":false},"excerpt":{"rendered":"<p>[vc_row css=&#8220;.vc_custom_1411476739640{padding-top: 50px !important;padding-bottom: 50px !important;background-color: #e8e8e8 !important;background-position: center !important;background-repeat: no-repeat !important;background-size: cover !important;}&#8220;][vc_column][vc_row_inner][vc_column_inner width=&#8220;1\/4&#8243;][\/vc_column_inner][vc_column_inner width=&#8220;1\/2&#8243;][vc_column_text css=&#8220;&#8220;] Markmi\u00f0 leiksk\u00f3lans Vinaminnis\u00a0 taka\u00a0mi\u00f0 af\u00a0l\u00f6gum um leiksk\u00f3la og grunn\u00fe\u00e1ttum menntunar. Grunn\u00fe\u00e6ttir menntunar, markmi\u00f0 og starfsh\u00e6ttir leiksk\u00f3lans fl\u00e9ttast saman \u00ed \u00f6llu starfi sk\u00f3lans. A\u00f0 b\u00f6rnin f\u00e1i t\u00e6kif\u00e6ri til a\u00f0 taka \u00fe\u00e1tt \u00ed merkingarb\u00e6ru starfi og hafi \u00e1hrif \u00e1 val [&hellip;]<\/p>\n","protected":false},"author":2,"featured_media":0,"parent":0,"menu_order":0,"comment_status":"closed","ping_status":"closed","template":"","meta":{"footnotes":"","_wpscppro_dont_share_socialmedia":false,"_wpscppro_custom_social_share_image":0,"_facebook_share_type":"","_twitter_share_type":"","_linkedin_share_type":"","_pinterest_share_type":"","_linkedin_share_type_page":"","_instagram_share_type":"","_medium_share_type":"","_threads_share_type":"","_google_business_share_type":"","_selected_social_profile":[],"_wpsp_enable_custom_social_template":false,"_wpsp_social_scheduling":{"enabled":false,"datetime":null,"platforms":[],"status":"template_only","dateOption":"today","timeOption":"now","customDays":"","customHours":"","customDate":"","customTime":"","schedulingType":"absolute"},"_wpsp_active_default_template":true},"class_list":["post-3088","page","type-page","status-publish","hentry"],"_links":{"self":[{"href":"https:\/\/www.vinaminni.is\/index.php?rest_route=\/wp\/v2\/pages\/3088","targetHints":{"allow":["GET"]}}],"collection":[{"href":"https:\/\/www.vinaminni.is\/index.php?rest_route=\/wp\/v2\/pages"}],"about":[{"href":"https:\/\/www.vinaminni.is\/index.php?rest_route=\/wp\/v2\/types\/page"}],"author":[{"embeddable":true,"href":"https:\/\/www.vinaminni.is\/index.php?rest_route=\/wp\/v2\/users\/2"}],"replies":[{"embeddable":true,"href":"https:\/\/www.vinaminni.is\/index.php?rest_route=%2Fwp%2Fv2%2Fcomments&post=3088"}],"version-history":[{"count":24,"href":"https:\/\/www.vinaminni.is\/index.php?rest_route=\/wp\/v2\/pages\/3088\/revisions"}],"predecessor-version":[{"id":7480,"href":"https:\/\/www.vinaminni.is\/index.php?rest_route=\/wp\/v2\/pages\/3088\/revisions\/7480"}],"wp:attachment":[{"href":"https:\/\/www.vinaminni.is\/index.php?rest_route=%2Fwp%2Fv2%2Fmedia&parent=3088"}],"curies":[{"name":"wp","href":"https:\/\/api.w.org\/{rel}","templated":true}]}}