{"id":3071,"date":"2016-11-20T11:40:13","date_gmt":"2016-11-20T11:40:13","guid":{"rendered":"http:\/\/www.vinaminni.is\/?page_id=3071"},"modified":"2017-01-22T20:28:48","modified_gmt":"2017-01-22T20:28:48","slug":"einingakubbar","status":"publish","type":"page","link":"https:\/\/www.vinaminni.is\/?page_id=3071","title":{"rendered":"Einingakubbar"},"content":{"rendered":"<div class=\"wpb-content-wrapper\"><p>[vc_row][vc_column width=&#8220;1\/4&#8243;][vc_single_image image=&#8220;3341&#8243; img_size=&#8220;medium&#8220;][\/vc_column][vc_column width=&#8220;3\/4&#8243;][vc_column_text]\u00cd Vinaminni eru <span style=\"color: #808000;\"><strong>&#8222;Unit block\u201c einingakubbar<\/strong><\/span>.[\/vc_column_text][vc_column_text]<\/p>\n<h4 style=\"text-align: right;\"><strong><span style=\"color: #ff6600;\">\u00deessir kubbar eru uppbyggilegur, skemmtilegur og \u00feroskandi efnivi\u00f0ur fyrir b\u00f6rn \u00e1 \u00f6llum aldri.<\/span><\/strong><\/h4>\n<p>[\/vc_column_text][vc_column_text]Karol\u00edna Pratt var kennari \u00ed Bandar\u00edkjunum, h\u00fan var l\u00edtt hrifin af \u00feeim kennslua\u00f0fer\u00f0um sem t\u00ed\u00f0ku\u00f0ust \u00ed sk\u00f3lum \u00fear. H\u00fan taldi a\u00f0 sk\u00f3linn \u00e6tti a\u00f0 a\u00f0laga sig a\u00f0 \u00fe\u00f6rfum barnanna en ekki a\u00f0 b\u00f6rnin a\u00f0lagi sig a\u00f0 \u00fe\u00f6rfum sk\u00f3lans (1914) \u00cd kj\u00f6lfari\u00f0 f\u00f3r h\u00fan a\u00f0 hanna kubba sem h\u00fan nefndi (&#8222;Einingakubba&#8220;)<\/p>\n<p>Einingakubbar eru t\u00f6luvert st\u00e6rri en flestir tr\u00e9kubbar sem kaupa m\u00e1 \u00ed hef\u00f0bundnum leikfangaverslunum. \u00deeir eru ger\u00f0ir \u00far gegnheilum hlyn sem er h\u00e6gsprottinn vi\u00f0ur og hefur \u00feann eiginleika a\u00f0 vi\u00f0urinn fl\u00edsast ekki og er hann \u00fev\u00ed endingarg\u00f3\u00f0ur.<\/p>\n<p>Kubbarnir eru frekar \u00feungir sem gerir \u00fea\u00f0 a\u00f0 verkum a\u00f0 byggingar \u00far \u00feeim eru st\u00f6\u00f0ugar og \u00fev\u00ed h\u00e6gt a\u00f0 byggja nokku\u00f0 h\u00e1tt. \u00dea\u00f0 sem gerir einingakubba um fram allt s\u00e9rsta\u00f0a er hugmyndafr\u00e6\u00f0i kubbanna sj\u00e1lfra. <strong><span style=\"color: #008000;\">Kubbarnir eru \u00ed \u00e1kve\u00f0num st\u00e6r\u00f0fr\u00e6\u00f0ilegum hlutf\u00f6llum og mi\u00f0ast allt kubbasafni\u00f0 \u00fat fr\u00e1 grunnkubbnum.<\/span><\/strong> H\u00f6nnun hans er \u00ed raun mj\u00f6g s\u00e9rst\u00f6k \u00fear sem \u00f6ll hin kubbaformin ganga \u00e1 einhvern h\u00e1tt upp \u00ed hann.[\/vc_column_text][\/vc_column][\/vc_row][vc_row][vc_column][vc_empty_space][vc_column_text]Grunnkubburinn er 14 cm langur e\u00f0a tvisvar sinnum lengri en breidd hans er og breidd hans er tvisvar sinnum lengri en \u00feykkt hans. B\u00f6rnin geta svo veri\u00f0 me\u00f0 f\u00f3lk \u00far tr\u00e9, en oftar en ekki byggja b\u00f6rnin utan um sig sj\u00e1lf og eru \u00fev\u00ed pers\u00f3nurnar \u00ed leiknum.<\/p>\n<p>[\/vc_column_text][vc_empty_space height=&#8220;6px&#8220;][vc_column_text]<\/p>\n<p style=\"text-align: center;\"><span style=\"color: #ff0000;\"><strong><span style=\"color: #333333;\">Hafa ber \u00ed huga aldur og \u00feroska barna og hva\u00f0 \u00fea\u00f0 er sem kennarar geta b\u00faist vi\u00f0 af mismunandi aldursh\u00f3pum.<\/span> <\/strong><\/span><\/p>\n<p>[\/vc_column_text][vc_empty_space height=&#8220;6px&#8220;][vc_column_text]B\u00f6rnin ganga \u00ed gegnum stigskipta \u00fer\u00f3un \u00ed kubbaleik \u00f3h\u00e1\u00f0 aldri, \u00fear sem \u00feau b\u00e6ta vi\u00f0 sig stigum \u00ed \u00fer\u00f3uninni eftir \u00fev\u00ed sem \u00feau \u00feroskast, samanber a\u00f0 elstu b\u00f6rnin geta veri\u00f0 a\u00f0 vinna \u00e1 \u00f6llum stigunum samt\u00edmis. \u00deetta gerist \u00e1 samb\u00e6rilegan h\u00e1tt og myndsk\u00f6punarferli barna, \u00fear sem \u00feau fara af einu stigi yfir \u00e1 \u00fea\u00f0 n\u00e6sta og byrja \u00e1 krotskei\u00f0i, sem \u00fer\u00f3ast yfir \u00ed a\u00f0 gera hringi og s\u00ed\u00f0an h\u00f6fu\u00f0f\u00e6tlur \u00e1\u00f0ur en teikningarnar ver\u00f0a fl\u00f3knari.<\/p>\n<p>Mikilv\u00e6gt er a\u00f0 kennarinn \u00feekki hvert stig fyrir sig og s\u00fdni \u00feeim \u00f6llum s\u00f6mu vir\u00f0ingu, \u00fev\u00ed fyrstu stigin eru undirsta\u00f0a frekari byggingaleiks.[\/vc_column_text][vc_column_text]<\/p>\n<h4><span style=\"color: #ff00ff;\"><strong>&#8222;\u00de\u00f3 \u00fea\u00f0 vir\u00f0ist sem barni\u00f0 s\u00e9 ekki a\u00f0 byggja ber a\u00f0 hafa hugfast a\u00f0 mikil vinna og undirb\u00faningur \u00e1 s\u00e9r sta\u00f0 innra me\u00f0 barninu.&#8220;<\/strong><\/span><\/h4>\n<p>[\/vc_column_text][vc_column_text]Nau\u00f0synlegt er a\u00f0 gera s\u00e9r grein fyrir hve mikilv\u00e6g vinna yngstu barnanna er, segja m\u00e1 a\u00f0 h\u00fan s\u00e9 grunnurinn a\u00f0 \u00fev\u00ed sem koma skal og mikilv\u00e6gt er a\u00f0 kennarinn hl\u00fai vel a\u00f0 \u00feessari fyrstu reynslu.<\/p>\n<p>Stigskipt \u00fer\u00f3un \u00ed kubbaleik barna me\u00f0 einingakubba er \u00e1 eftirfarandi h\u00e1tt:[\/vc_column_text][\/vc_column][\/vc_row][vc_row full_width=&#8220;1&#8243; overlay_row=&#8220;yes&#8220;][vc_column width=&#8220;1\/4&#8243;][\/vc_column][vc_column width=&#8220;3\/4&#8243;][vc_column_text]<span style=\"color: #333333;\"><strong>1. stig<\/strong> Til<\/span><span style=\"color: #333333;\"> a\u00f0 byrja me\u00f0 halda b\u00f6rnin \u00e1 kubbunum, bera \u00fe\u00e1 um en nota \u00fe\u00e1 ekki til a\u00f0 byggja \u00far \u00feeim, taka \u00fe\u00e1 jafnvel og setja aftur \u00ed hillurnar. \u00c1 \u00feessu stigi eru m\u00f6rg ung b\u00f6rn og \u00feau eru r\u00e9tt a\u00f0 byrja a\u00f0 kanna og rannsaka \u00feennan efnivi\u00f0 sem er n\u00fdr fyrir \u00feeim.<\/span>[\/vc_column_text][\/vc_column][\/vc_row][vc_row full_width=&#8220;1&#8243; overlay_row=&#8220;yes&#8220;][vc_column width=&#8220;2\/3&#8243;][vc_column_text]<strong>2. stig<\/strong> \u00c1 \u00feessu stigi byrja a\u00f0 sj\u00e1st byggingar. B\u00f6rnin b\u00faa til ra\u00f0ir, anna\u00f0 hvort l\u00e1r\u00e9ttar \u00e1 g\u00f3lfinu e\u00f0a l\u00f3\u00f0r\u00e9ttar \u00ed st\u00f6flum. Vi\u00f0 sj\u00e1um miklar endurtekningar \u00ed byggingamynstrum og mikilv\u00e6gt er a\u00f0 gefa \u00feessum leik barnanna gott svigr\u00fam og hafa \u00ed huga a\u00f0 h\u00e9r eru \u00e1 fer\u00f0inni mikilv\u00e6gt n\u00e1m og undirsta\u00f0a alls kubbaleiks einni stiga.[\/vc_column_text][\/vc_column][vc_column width=&#8220;1\/3&#8243;][\/vc_column][\/vc_row][vc_row full_width=&#8220;1&#8243; overlay_row=&#8220;yes&#8220;][vc_column width=&#8220;1\/4&#8243;][\/vc_column][vc_column width=&#8220;3\/4&#8243;][vc_column_text]<span style=\"color: #333333;\"><span style=\"color: #333333;\"><strong>3. stig<\/strong> B\u00f6rnin br\u00faa \u00e1 milli tveggja kubba me\u00f0 \u00feri\u00f0ja kubbnum. Byggingarnar ver\u00f0a fl\u00f3knari eftir \u00fev\u00ed sem \u00feau eldast og pr\u00f3fa sig \u00e1fram \u00e1 \u00feessu stigi.<\/span><\/span>[\/vc_column_text][\/vc_column][\/vc_row][vc_row full_width=&#8220;1&#8243; overlay_row=&#8220;yes&#8220;][vc_column][vc_column_text]<strong>4. stig<\/strong> Kubbum er ra\u00f0a\u00f0 \u00feannig a\u00f0 \u00feeir gir\u00f0a af \u00e1kve\u00f0i\u00f0 sv\u00e6\u00f0i. A\u00f0 br\u00faa milli tveggja kubba og gir\u00f0a af, eru me\u00f0 fyrstu t\u00e6knilegu &#8222;byggingavandam\u00e1lum&#8220; sem b\u00f6rnin \u00feurfa a\u00f0 leysa. \u00deetta fer a\u00f0 gerast stuttu eftir a\u00f0 \u00feau fara a\u00f0 nota kubbana reglulega.[\/vc_column_text][\/vc_column][\/vc_row][vc_row full_width=&#8220;1&#8243; overlay_row=&#8220;yes&#8220;][vc_column width=&#8220;1\/4&#8243;][\/vc_column][vc_column width=&#8220;3\/4&#8243;][vc_column_text]<span style=\"color: #333333;\"><strong>5. stig<\/strong> Me\u00f0 aldrinum ver\u00f0a b\u00f6rnin st\u00f6\u00f0ugt duglegri og hugmyndar\u00edkari \u00ed kubbabyggingum s\u00ednum. \u00deau nota fleiri kubba og skapa vanda\u00f0ri og betur \u00fatf\u00e6r\u00f0a h\u00f6nnum me\u00f0 \u00fev\u00ed a\u00f0 nota mynstur, samhverfu og jafnv\u00e6gi.<\/span>[\/vc_column_text][\/vc_column][\/vc_row][vc_row full_width=&#8220;1&#8243; overlay_row=&#8220;yes&#8220;][vc_column][vc_column_text]<strong>6. stig<\/strong>\u00a0B\u00f6rnin byrja a\u00f0 nefna byggingarnar \u00ed hlutverkaleiknuu. \u00c1\u00f0ur en \u00feau komast \u00e1 \u00feetta stig hafa \u00feau gjarnan nefnt byggingarnar s\u00ednar en n\u00f6fnin eru \u00fe\u00e1 ekki endilega \u00ed tengslum vi\u00f0 hlutverk bygginganna.[\/vc_column_text][\/vc_column][\/vc_row][vc_row full_width=&#8220;1&#8243; overlay_row=&#8220;yes&#8220;][vc_column width=&#8220;1\/4&#8243;][\/vc_column][vc_column width=&#8220;3\/4&#8243;][vc_column_text]<span style=\"color: #333333;\"><strong>7. stig<\/strong>\u00a0Kubbabyggingarnar endurskapa e\u00f0a t\u00e1kna raunverulegar byggingar sem b\u00f6rnin \u00feekkja. \u00deetta ver\u00f0ur mikil hvatning fyrir hlutverkaleik \u00ed kringum byggingarnar og leik barnanna \u00ed heild.<\/span>[\/vc_column_text][\/vc_column][\/vc_row][vc_row][vc_column][vc_empty_space][vc_column_text]\u00deegar hlutverkaleikurinn (\u00ed byggingaleiknum ) eldri barnanna er farinn a\u00f0 vega \u00feyngra og \u00fathaldi\u00f0 or\u00f0i\u00f0 meira er gjarnan b\u00e6tt vi\u00f0 litlum teningum og ver\u00f0lausu efni, m\u00e1 \u00fear nefna efnisb\u00fata, garn, teppab\u00fata, \u00e1vala litla steina, glerperlur, skeljar, papp\u00edr og m\u00e1lningarl\u00edmband til a\u00f0 skreyta byggingarnar me\u00f0 og f\u00e6r \u00fe\u00e1 hugmyndaflug barnanna noti\u00f0 s\u00edn enn\u00fe\u00e1 meira.<\/p>\n<p><span style=\"color: #333333;\"><strong>Tiltektin \u00ed lok leiksins er ekki s\u00ed\u00f0ur mikilv\u00e6g. \u00fe\u00e1 flokka b\u00f6rnin kubbana eftir st\u00e6r\u00f0 og l\u00f6gun og ra\u00f0a \u00feeim inn \u00ed sk\u00e1pinn.<\/strong><\/span> Eftir \u00fev\u00ed sem f\u00e6rni barnanna eykst m\u00e1 gefa fl\u00f3knari fyrirm\u00e6li og \u00feyngri \u00ferautir. Ef b\u00fai\u00f0 er a\u00f0 ganga fr\u00e1 megninu af kubbunum en nokkrir kubbar eru eftir \u00e1 g\u00f3lfinu m\u00e1 spyrja b\u00f6rnin hva\u00f0 \u00feau haldi a\u00f0 hvert \u00feeirra \u00feurfi a\u00f0 taka marga kubba til a\u00f0 kl\u00e1ra alla \u00e1 g\u00f3lfinu og allir f\u00e1i jafnmarga kubba . H\u00e9r er ekki veri\u00f0 a\u00f0 fara fram \u00e1 r\u00e9tt svar heldur hvetja \u00feau til a\u00f0 hugsa og gefa \u00feeim t\u00e6kif\u00e6ri til a\u00f0 skipta kubbunum \u00e1 milli s\u00edn og giska \u00e1 svar.<\/p>\n<p>Kubbaleikurinn er skemmtilegt og \u00feroskandi kennslut\u00e6ki.[\/vc_column_text][\/vc_column][\/vc_row]<\/p>\n<\/div>","protected":false},"excerpt":{"rendered":"<p>[vc_row][vc_column width=&#8220;1\/4&#8243;][vc_single_image image=&#8220;3341&#8243; img_size=&#8220;medium&#8220;][\/vc_column][vc_column width=&#8220;3\/4&#8243;][vc_column_text]\u00cd Vinaminni eru &#8222;Unit block\u201c einingakubbar.[\/vc_column_text][vc_column_text] \u00deessir kubbar eru uppbyggilegur, skemmtilegur og \u00feroskandi efnivi\u00f0ur fyrir b\u00f6rn \u00e1 \u00f6llum aldri. [\/vc_column_text][vc_column_text]Karol\u00edna Pratt var kennari \u00ed Bandar\u00edkjunum, h\u00fan var l\u00edtt hrifin af \u00feeim kennslua\u00f0fer\u00f0um sem t\u00ed\u00f0ku\u00f0ust \u00ed sk\u00f3lum \u00fear. H\u00fan taldi a\u00f0 sk\u00f3linn \u00e6tti a\u00f0 a\u00f0laga sig a\u00f0 \u00fe\u00f6rfum barnanna en ekki a\u00f0 [&hellip;]<\/p>\n","protected":false},"author":2,"featured_media":0,"parent":3061,"menu_order":0,"comment_status":"closed","ping_status":"closed","template":"","meta":{"footnotes":"","_wpscppro_dont_share_socialmedia":false,"_wpscppro_custom_social_share_image":0,"_facebook_share_type":"","_twitter_share_type":"","_linkedin_share_type":"","_pinterest_share_type":"","_linkedin_share_type_page":"","_instagram_share_type":"","_medium_share_type":"","_threads_share_type":"","_google_business_share_type":"","_selected_social_profile":[],"_wpsp_enable_custom_social_template":false,"_wpsp_social_scheduling":{"enabled":false,"datetime":null,"platforms":[],"status":"template_only","dateOption":"today","timeOption":"now","customDays":"","customHours":"","customDate":"","customTime":"","schedulingType":"absolute"},"_wpsp_active_default_template":true},"class_list":["post-3071","page","type-page","status-publish","hentry"],"_links":{"self":[{"href":"https:\/\/www.vinaminni.is\/index.php?rest_route=\/wp\/v2\/pages\/3071","targetHints":{"allow":["GET"]}}],"collection":[{"href":"https:\/\/www.vinaminni.is\/index.php?rest_route=\/wp\/v2\/pages"}],"about":[{"href":"https:\/\/www.vinaminni.is\/index.php?rest_route=\/wp\/v2\/types\/page"}],"author":[{"embeddable":true,"href":"https:\/\/www.vinaminni.is\/index.php?rest_route=\/wp\/v2\/users\/2"}],"replies":[{"embeddable":true,"href":"https:\/\/www.vinaminni.is\/index.php?rest_route=%2Fwp%2Fv2%2Fcomments&post=3071"}],"version-history":[{"count":40,"href":"https:\/\/www.vinaminni.is\/index.php?rest_route=\/wp\/v2\/pages\/3071\/revisions"}],"predecessor-version":[{"id":3613,"href":"https:\/\/www.vinaminni.is\/index.php?rest_route=\/wp\/v2\/pages\/3071\/revisions\/3613"}],"up":[{"embeddable":true,"href":"https:\/\/www.vinaminni.is\/index.php?rest_route=\/wp\/v2\/pages\/3061"}],"wp:attachment":[{"href":"https:\/\/www.vinaminni.is\/index.php?rest_route=%2Fwp%2Fv2%2Fmedia&parent=3071"}],"curies":[{"name":"wp","href":"https:\/\/api.w.org\/{rel}","templated":true}]}}