{"id":3067,"date":"2016-11-20T11:39:35","date_gmt":"2016-11-20T11:39:35","guid":{"rendered":"http:\/\/www.vinaminni.is\/?page_id=3067"},"modified":"2016-11-20T21:26:38","modified_gmt":"2016-11-20T21:26:38","slug":"leikurinn","status":"publish","type":"page","link":"https:\/\/www.vinaminni.is\/?page_id=3067","title":{"rendered":"Leikurinn"},"content":{"rendered":"<div class=\"wpb-content-wrapper\"><p>[vc_row][vc_column][vc_column_text]Leiksk\u00f3lan\u00e1m \u00e1 a\u00f0 efla alhli\u00f0a \u00feroska barna, \u00fe.e.a.s. efla mikilv\u00e6gustu \u00feroska\u00fe\u00e6tti sem samtvinnast hj\u00e1 barninu. <strong><span style=\"color: #333333;\">\u00deessir megin\u00fe\u00e6ttir og samspil \u00feeirra var\u00f0a l\u00edkamsv\u00f6xt barna og hreyfif\u00e6rni, tilfinningal\u00edf, vitsmuni, f\u00e9lagsvitund og f\u00e9lagsh\u00e6fni, fegur\u00f0arskyn og sk\u00f6punarh\u00e6fni, si\u00f0g\u00e6\u00f0i og l\u00edfsvi\u00f0horf.<\/span><\/strong> \u00cd leiksk\u00f3lastarfi er barni\u00f0 \u00ed brennidepli og starfsh\u00e6ttir eiga a\u00f0 taka mi\u00f0 af \u00feroska og \u00fe\u00f6rfum hvers barns. Leiksk\u00f3lan\u00e1m er sam\u00fe\u00e6tt n\u00e1m \u00fear sem n\u00e1mssvi\u00f0 og n\u00e1ms\u00fe\u00e6ttir fl\u00e9ttast inn \u00ed daglegt l\u00edf og leik barnsins.<\/p>\n<h1 style=\"text-align: center;\"><\/h1>\n<p>[\/vc_column_text][\/vc_column][\/vc_row][vc_row overlay_row=&#8220;yes&#8220; css=&#8220;.vc_custom_1479676209778{background-color: #31c100 !important;}&#8220;][vc_column][vc_empty_space][vc_column_text]<\/p>\n<h1 style=\"text-align: center;\"><span style=\"color: #ffffff;\"><strong>leikurinn\u00a0<\/strong><strong> \u00ed allri sinni fj\u00f6lbreytni\u00a0<\/strong><strong>er kjarninn\u00a0<\/strong><strong>\u00ed uppeldisstarfi allra leiksk\u00f3la.<\/strong><\/span><\/h1>\n<p>[\/vc_column_text][\/vc_column][\/vc_row][vc_row][vc_column][vc_empty_space][vc_column_text]Leiksk\u00f3lakennarar \u00feekkja leik barna, \u00feeir vir\u00f0a leikinn, hl\u00faa a\u00f0 honum, gefa honum r\u00fdmi og skipuleggja leikumhverfi barnanna. <span style=\"color: #333333;\"><strong>Leikurinn er hornsteinn leiksk\u00f3lastarfsins, hann er kennslua\u00f0fer\u00f0 leiksk\u00f3lakennarans og n\u00e1mslei\u00f0 barnsins.<\/strong> <\/span>\u00cd bernsku er \u00fea\u00f0 a\u00f0 leika s\u00e9r \u00fea\u00f0 sama og a\u00f0 l\u00e6ra og afla s\u00e9r \u00feekkingar. Hinn frj\u00e1lsi og sj\u00e1lfsprottni leikur barnsins er talinn \u201eleikur leikjanna\u201c. \u00cd frj\u00e1lsum leik skapar barni\u00f0 leikinn \u00far eigin hugarheimi, \u00fea\u00f0 tekur \u00e1kvar\u00f0anir \u00e1 eigin forsendum og l\u00e6rir a\u00f0 leita lausna.<\/p>\n<p>\u00cd leiknum er barni\u00f0 einbeitt og \u00fea\u00f0 er uppteki\u00f0 af augnablikinu.<\/p>\n<h3 style=\"text-align: right;\"><strong><span style=\"color: #333399;\">Fj\u00f6l\u00fe\u00e6tt upplifun elur af s\u00e9r \u00feekkingu, n\u00fdjar tilfinningar, <\/span><\/strong><strong><span style=\"color: #333399;\">n\u00fdjar athafnir og leikni. <\/span><\/strong><\/h3>\n<p>Sk\u00f6punar\u00fe\u00f6rf, virkni og hugmyndaflug barna birtist \u00ed leikjum \u00feeirra. \u00cd leik f\u00e1 b\u00f6rnin hreyfi\u00fe\u00f6rf sinni fulln\u00e6gt og \u00feau \u00fej\u00e1lfa hreyfingar s\u00ednar og l\u00edkamsstj\u00f3rn. \u00cd \u00feykjustu- og hlutverkaleikjum og \u00f6\u00f0rum samleikjum l\u00e6rist b\u00f6rnum nau\u00f0syn \u00feess a\u00f0 vinna saman og taka tillit hvert til annars \u00e1 jafnr\u00e9ttisgrundvelli. \u00cd leik \u00f6\u00f0last b\u00f6rnin samkennd og vin\u00e1ttu. \u00cd skipul\u00f6g\u00f0um leikjum og regluleikjum l\u00e6ra \u00feau einfaldar samskiptareglur og a\u00f0 vir\u00f0a r\u00e9tt annarra, \u00ed sl\u00edkum leikjum vaknar og \u00fer\u00f3ast l\u00fd\u00f0r\u00e6\u00f0isvitund \u00feeirra. L\u00f6g\u00f0 er \u00e1hersla \u00e1 vin\u00e1ttu, samleik og j\u00e1kv\u00e6\u00f0 samskipti.[\/vc_column_text][\/vc_column][\/vc_row]<\/p>\n<\/div>","protected":false},"excerpt":{"rendered":"<p>[vc_row][vc_column][vc_column_text]Leiksk\u00f3lan\u00e1m \u00e1 a\u00f0 efla alhli\u00f0a \u00feroska barna, \u00fe.e.a.s. efla mikilv\u00e6gustu \u00feroska\u00fe\u00e6tti sem samtvinnast hj\u00e1 barninu. \u00deessir megin\u00fe\u00e6ttir og samspil \u00feeirra var\u00f0a l\u00edkamsv\u00f6xt barna og hreyfif\u00e6rni, tilfinningal\u00edf, vitsmuni, f\u00e9lagsvitund og f\u00e9lagsh\u00e6fni, fegur\u00f0arskyn og sk\u00f6punarh\u00e6fni, si\u00f0g\u00e6\u00f0i og l\u00edfsvi\u00f0horf. \u00cd leiksk\u00f3lastarfi er barni\u00f0 \u00ed brennidepli og starfsh\u00e6ttir eiga a\u00f0 taka mi\u00f0 af \u00feroska og \u00fe\u00f6rfum hvers barns. Leiksk\u00f3lan\u00e1m [&hellip;]<\/p>\n","protected":false},"author":2,"featured_media":0,"parent":3061,"menu_order":0,"comment_status":"closed","ping_status":"closed","template":"","meta":{"footnotes":""},"class_list":["post-3067","page","type-page","status-publish","hentry"],"_links":{"self":[{"href":"https:\/\/www.vinaminni.is\/index.php?rest_route=\/wp\/v2\/pages\/3067","targetHints":{"allow":["GET"]}}],"collection":[{"href":"https:\/\/www.vinaminni.is\/index.php?rest_route=\/wp\/v2\/pages"}],"about":[{"href":"https:\/\/www.vinaminni.is\/index.php?rest_route=\/wp\/v2\/types\/page"}],"author":[{"embeddable":true,"href":"https:\/\/www.vinaminni.is\/index.php?rest_route=\/wp\/v2\/users\/2"}],"replies":[{"embeddable":true,"href":"https:\/\/www.vinaminni.is\/index.php?rest_route=%2Fwp%2Fv2%2Fcomments&post=3067"}],"version-history":[{"count":20,"href":"https:\/\/www.vinaminni.is\/index.php?rest_route=\/wp\/v2\/pages\/3067\/revisions"}],"predecessor-version":[{"id":3309,"href":"https:\/\/www.vinaminni.is\/index.php?rest_route=\/wp\/v2\/pages\/3067\/revisions\/3309"}],"up":[{"embeddable":true,"href":"https:\/\/www.vinaminni.is\/index.php?rest_route=\/wp\/v2\/pages\/3061"}],"wp:attachment":[{"href":"https:\/\/www.vinaminni.is\/index.php?rest_route=%2Fwp%2Fv2%2Fmedia&parent=3067"}],"curies":[{"name":"wp","href":"https:\/\/api.w.org\/{rel}","templated":true}]}}