{"id":3065,"date":"2016-11-20T11:39:16","date_gmt":"2016-11-20T11:39:16","guid":{"rendered":"http:\/\/www.vinaminni.is\/?page_id=3065"},"modified":"2016-11-20T20:56:17","modified_gmt":"2016-11-20T20:56:17","slug":"valid","status":"publish","type":"page","link":"https:\/\/www.vinaminni.is\/?page_id=3065","title":{"rendered":"Vali\u00f0"},"content":{"rendered":"<div class=\"wpb-content-wrapper\"><p>[vc_row][vc_column width=&#8220;2\/3&#8243;][vc_empty_space][vc_column_text]<\/p>\n<p style=\"text-align: left;\"><span style=\"color: #333333;\">Vali\u00f0 er \u00e1 s\u00ednum sta\u00f0 \u00ed starfinu \u00ed Vinaminni en \u00fea\u00f0 er \u00feegar b\u00f6rnin velja s\u00e9r vi\u00f0fangsefni. Vali\u00f0 er kerfi sem tekur til ytra skipulags leiksk\u00f3lans e\u00f0a hins ytri ramma leikumhverfisins. <\/span><\/p>\n<p style=\"text-align: center;\"><span style=\"color: #008000;\"><strong>Hinn frj\u00e1lsi leikur er \u00feungami\u00f0ja \u00feess sem fer fram \u00ed valinu. <\/strong><\/span><\/p>\n<p><span style=\"color: #333333;\">Hugmyndir a\u00f0 baki valkerfinu tengjast m.a. \u00fev\u00ed a\u00f0 \u00fatb\u00faa uppeldisumhverfi barnanna \u00feannig a\u00f0 \u00fea\u00f0 \u00f6rvi \u00feau til d\u00e1\u00f0a \u00ed \u00feekkingarleit sinni og a\u00f0 umhverfi\u00f0 s\u00e9 \u00feannig \u00fatb\u00fai\u00f0 a\u00f0 fj\u00f6lbreytileiki s\u00e9 \u00ed leik og verkefnavali.<\/span>[\/vc_column_text][\/vc_column][vc_column width=&#8220;1\/3&#8243;][vc_empty_space][vc_single_image image=&#8220;3271&#8243; img_size=&#8220;large&#8220;][\/vc_column][\/vc_row][vc_row][vc_column width=&#8220;1\/4&#8243;][vc_empty_space][vc_single_image image=&#8220;3269&#8243; img_size=&#8220;medium&#8220;][\/vc_column][vc_column width=&#8220;3\/4&#8243;][vc_empty_space][vc_column_text]<span style=\"color: #333333;\">Valkerfi\u00f0 er kerfi sem byggist \u00e1 \u00fev\u00ed a\u00f0 efla sj\u00e1lfst\u00e6\u00f0i barnanna og m\u00f6guleika \u00feeirra til a\u00f0 \u00e1ve\u00f0a hva\u00f0 \u00feau vilja gera og me\u00f0 hverjum \u00feau vilja starfa. <\/span><\/p>\n<h3 style=\"text-align: center;\"><span style=\"color: #ff6600;\"><strong>Me\u00f0 \u00fev\u00ed a\u00f0 b\u00f6rnin velja sj\u00e1lf og eru hv\u00f6tt til a\u00f0 taka \u00e1byrg\u00f0 \u00e1 eigin vali tr\u00faum vi\u00f0 \u00fev\u00ed a\u00f0 b\u00f6rnin ver\u00f0i virkari og meira skapandi og \u00e1n\u00e6g\u00f0ari einstaklingar en ella. <\/strong><\/span><\/h3>\n<p><span style=\"color: #333333;\">\u00cd valkerfinu viljum vi\u00f0 gefa b\u00f6rnunum t\u00e6kif\u00e6ri \u00e1 a\u00f0 leika s\u00e9r \u00ed litlum h\u00f3pum og tryggja jafnframt a\u00f0 alltaf s\u00e9 einn fullor\u00f0inn til sta\u00f0ar fyrir \u00feau.<\/span>[\/vc_column_text][\/vc_column][\/vc_row][vc_row][vc_column width=&#8220;2\/3&#8243;][vc_empty_space][vc_column_text]<span style=\"color: #333333;\">\u00dea\u00f0 er reynsla okkar a\u00f0 \u00e1rekstrar me\u00f0al barnanna s\u00e9u minni en ella \u00feegar b\u00f6rnin eru \u00ed litlum h\u00f3pum og a\u00f0 \u00feannig nj\u00f3ti \u00feau s\u00edn betur \u00ed leik. Starfsmenn hafa betri yfirs\u00fdn yfir barnah\u00f3pinn \u00e1 s\u00ednu sv\u00e6\u00f0i, \u00feeir sj\u00e1 hvernig leikurinn fer fram og hvernig b\u00f6rnin taka \u00fe\u00e1tt \u00ed honum auk \u00feess sem au\u00f0veldara er a\u00f0 gr\u00edpa inn \u00ed leikinn ef me\u00f0 \u00fearf. Sj\u00e1lfsprottni leikurinn \u00e1 heima \u00e1 hverju valsv\u00e6\u00f0i og \u00fea\u00f0 er gert r\u00e1\u00f0 fyrir honum \u00ed \u00f6llu starfi leiksk\u00f3lans.<\/span>[\/vc_column_text][\/vc_column][vc_column width=&#8220;1\/3&#8243;][vc_empty_space][vc_single_image image=&#8220;3270&#8243; img_size=&#8220;medium&#8220;][\/vc_column][\/vc_row]<\/p>\n<\/div>","protected":false},"excerpt":{"rendered":"<p>[vc_row][vc_column width=&#8220;2\/3&#8243;][vc_empty_space][vc_column_text] Vali\u00f0 er \u00e1 s\u00ednum sta\u00f0 \u00ed starfinu \u00ed Vinaminni en \u00fea\u00f0 er \u00feegar b\u00f6rnin velja s\u00e9r vi\u00f0fangsefni. Vali\u00f0 er kerfi sem tekur til ytra skipulags leiksk\u00f3lans e\u00f0a hins ytri ramma leikumhverfisins. Hinn frj\u00e1lsi leikur er \u00feungami\u00f0ja \u00feess sem fer fram \u00ed valinu. Hugmyndir a\u00f0 baki valkerfinu tengjast m.a. \u00fev\u00ed a\u00f0 \u00fatb\u00faa uppeldisumhverfi barnanna [&hellip;]<\/p>\n","protected":false},"author":2,"featured_media":0,"parent":3061,"menu_order":0,"comment_status":"closed","ping_status":"closed","template":"","meta":{"footnotes":"","_wpscppro_dont_share_socialmedia":false,"_wpscppro_custom_social_share_image":0,"_facebook_share_type":"","_twitter_share_type":"","_linkedin_share_type":"","_pinterest_share_type":"","_linkedin_share_type_page":"","_instagram_share_type":"","_medium_share_type":"","_threads_share_type":"","_google_business_share_type":"","_selected_social_profile":[],"_wpsp_enable_custom_social_template":false,"_wpsp_social_scheduling":{"enabled":false,"datetime":null,"platforms":[],"status":"template_only","dateOption":"today","timeOption":"now","customDays":"","customHours":"","customDate":"","customTime":"","schedulingType":"absolute"},"_wpsp_active_default_template":true},"class_list":["post-3065","page","type-page","status-publish","hentry"],"_links":{"self":[{"href":"https:\/\/www.vinaminni.is\/index.php?rest_route=\/wp\/v2\/pages\/3065","targetHints":{"allow":["GET"]}}],"collection":[{"href":"https:\/\/www.vinaminni.is\/index.php?rest_route=\/wp\/v2\/pages"}],"about":[{"href":"https:\/\/www.vinaminni.is\/index.php?rest_route=\/wp\/v2\/types\/page"}],"author":[{"embeddable":true,"href":"https:\/\/www.vinaminni.is\/index.php?rest_route=\/wp\/v2\/users\/2"}],"replies":[{"embeddable":true,"href":"https:\/\/www.vinaminni.is\/index.php?rest_route=%2Fwp%2Fv2%2Fcomments&post=3065"}],"version-history":[{"count":39,"href":"https:\/\/www.vinaminni.is\/index.php?rest_route=\/wp\/v2\/pages\/3065\/revisions"}],"predecessor-version":[{"id":3287,"href":"https:\/\/www.vinaminni.is\/index.php?rest_route=\/wp\/v2\/pages\/3065\/revisions\/3287"}],"up":[{"embeddable":true,"href":"https:\/\/www.vinaminni.is\/index.php?rest_route=\/wp\/v2\/pages\/3061"}],"wp:attachment":[{"href":"https:\/\/www.vinaminni.is\/index.php?rest_route=%2Fwp%2Fv2%2Fmedia&parent=3065"}],"curies":[{"name":"wp","href":"https:\/\/api.w.org\/{rel}","templated":true}]}}