{"id":3061,"date":"2016-11-20T11:38:28","date_gmt":"2016-11-20T11:38:28","guid":{"rendered":"http:\/\/www.vinaminni.is\/?page_id=3061"},"modified":"2026-04-19T15:09:20","modified_gmt":"2026-04-19T15:09:20","slug":"nam-i-leik","status":"publish","type":"page","link":"https:\/\/www.vinaminni.is\/?page_id=3061","title":{"rendered":"N\u00e1m \u00ed leik"},"content":{"rendered":"<div class=\"wpb-content-wrapper\"><p>[vc_row][vc_column][vc_column_text]<\/p>\n<h1 style=\"text-align: center;\"><strong><span style=\"color: #008000;\">LEIKURINN \u00c1 V\u00cdSD\u00d3M VEIT<\/span><\/strong><\/h1>\n<p>[\/vc_column_text][vc_empty_space][vc_empty_space][\/vc_column][\/vc_row][vc_row][vc_column][cms_fancybox icon1=&#8220;fa fa-chevron-right&#8220; title1=&#8220;Dagsskipulagi\u00f0&#8220; button_link1=&#8220;http:\/\/www.vinaminni.is\/?page_id=3063&#8243; button_type=&#8220;text&#8220; button_text=&#8220;lesa meira&#8220; button_more_info=&#8220;yes&#8220; cms_template=&#8220;cms_fancybox&#8211;layout-2.php&#8220; description1=&#8220;Svona l\u00ed\u00f0ur dagurinn \u00ed Vinaminni&#8220;][cms_fancybox icon1=&#8220;fa fa-arrows&#8220; title1=&#8220;Vali\u00f0&#8220; button_link1=&#8220;http:\/\/www.vinaminni.is\/?page_id=3065&#8243; button_type=&#8220;text&#8220; button_text=&#8220;lesa meira&#8220; cms_template=&#8220;cms_fancybox&#8211;layout-2.php&#8220; description1=&#8220;Hva\u00f0 langar mig til a\u00f0 gera \u00ed dag?&#8220;][cms_fancybox icon1=&#8220;fa fa-puzzle-piece&#8220; title1=&#8220;Leikurinn&#8220; button_link1=&#8220;http:\/\/www.vinaminni.is\/?page_id=3067&#8243; button_type=&#8220;text&#8220; button_text=&#8220;lesa meira&#8220; cms_template=&#8220;cms_fancybox&#8211;layout-2.php&#8220; description1=&#8220;Leikurinn \u00e1 v\u00edsd\u00f3m veit&#8220;][cms_fancybox icon1=&#8220;fa fa-picture-o&#8220; title1=&#8220;Skapandi starf&#8220; button_link1=&#8220;http:\/\/www.vinaminni.is\/?page_id=3069&#8243; button_type=&#8220;text&#8220; button_text=&#8220;lesa meira&#8220; cms_template=&#8220;cms_fancybox&#8211;layout-2.php&#8220; description1=&#8220;Tj\u00e1ning \u00ed gegnum myndlistina&#8220;][cms_fancybox icon1=&#8220;fa fa-square&#8220; title1=&#8220;Einingakubbar&#8220; button_link1=&#8220;http:\/\/www.vinaminni.is\/?page_id=3071&#8243; button_type=&#8220;text&#8220; button_text=&#8220;lesa meira&#8220; description1=&#8220;R\u00f6khugsun og st\u00e6r\u00f0fr\u00e6\u00f0i&#8220; cms_template=&#8220;cms_fancybox&#8211;layout-2.php&#8220;][cms_fancybox icon1=&#8220;fa fa-music&#8220; title1=&#8220;S\u00f6ngl\u00f6gin okkar&#8220; button_link1=&#8220;http:\/\/www.vinaminni.is\/?page_id=3073&#8243; button_type=&#8220;text&#8220; button_text=&#8220;lesa meira&#8220; description1=&#8220;S\u00f6ngur er allra meina b\u00f3t&#8220; cms_template=&#8220;cms_fancybox&#8211;layout-2.php&#8220;][cms_fancybox icon1=&#8220;fa fa-users&#8220; title1=&#8220;Samskipti&#8220; button_link1=&#8220;http:\/\/www.vinaminni.is\/?page_id=3075&#8243; button_type=&#8220;text&#8220; button_text=&#8220;lesa meira&#8220; description1=&#8220;Hlustum og berum vir\u00f0ingu fyrir sko\u00f0unum annarra&#8220; cms_template=&#8220;cms_fancybox&#8211;layout-2.php&#8220;][cms_fancybox icon1=&#8220;fa fa-child&#8220; title1=&#8220;Hreyfing og \u00fativera&#8220; button_link1=&#8220;http:\/\/www.vinaminni.is\/?page_id=3077&#8243; button_type=&#8220;text&#8220; button_text=&#8220;lesa meira&#8220; description1=&#8220;\u00dea\u00f0 er ekkert sem kallast vont ve\u00f0ur, bara \u00f3hentugur kl\u00e6\u00f0na\u00f0ur&#8220; cms_template=&#8220;cms_fancybox&#8211;layout-2.php&#8220;][\/vc_column][\/vc_row]<\/p>\n<\/div>","protected":false},"excerpt":{"rendered":"<p>[vc_row][vc_column][vc_column_text] LEIKURINN \u00c1 V\u00cdSD\u00d3M VEIT [\/vc_column_text][vc_empty_space][vc_empty_space][\/vc_column][\/vc_row][vc_row][vc_column][cms_fancybox icon1=&#8220;fa fa-chevron-right&#8220; title1=&#8220;Dagsskipulagi\u00f0&#8220; button_link1=&#8220;http:\/\/www.vinaminni.is\/?page_id=3063&#8243; button_type=&#8220;text&#8220; button_text=&#8220;lesa meira&#8220; button_more_info=&#8220;yes&#8220; cms_template=&#8220;cms_fancybox&#8211;layout-2.php&#8220; description1=&#8220;Svona l\u00ed\u00f0ur dagurinn \u00ed Vinaminni&#8220;][cms_fancybox icon1=&#8220;fa fa-arrows&#8220; title1=&#8220;Vali\u00f0&#8220; button_link1=&#8220;http:\/\/www.vinaminni.is\/?page_id=3065&#8243; button_type=&#8220;text&#8220; button_text=&#8220;lesa meira&#8220; cms_template=&#8220;cms_fancybox&#8211;layout-2.php&#8220; description1=&#8220;Hva\u00f0 langar mig til a\u00f0 gera \u00ed dag?&#8220;][cms_fancybox icon1=&#8220;fa fa-puzzle-piece&#8220; title1=&#8220;Leikurinn&#8220; button_link1=&#8220;http:\/\/www.vinaminni.is\/?page_id=3067&#8243; button_type=&#8220;text&#8220; button_text=&#8220;lesa meira&#8220; cms_template=&#8220;cms_fancybox&#8211;layout-2.php&#8220; description1=&#8220;Leikurinn \u00e1 v\u00edsd\u00f3m veit&#8220;][cms_fancybox icon1=&#8220;fa fa-picture-o&#8220; title1=&#8220;Skapandi starf&#8220; button_link1=&#8220;http:\/\/www.vinaminni.is\/?page_id=3069&#8243; button_type=&#8220;text&#8220; button_text=&#8220;lesa [&hellip;]<\/p>\n","protected":false},"author":2,"featured_media":0,"parent":0,"menu_order":0,"comment_status":"closed","ping_status":"closed","template":"","meta":{"footnotes":"","_wpscppro_dont_share_socialmedia":false,"_wpscppro_custom_social_share_image":0,"_facebook_share_type":"default","_twitter_share_type":"default","_linkedin_share_type":"default","_pinterest_share_type":"default","_linkedin_share_type_page":"","_instagram_share_type":"default","_medium_share_type":"default","_threads_share_type":"default","_google_business_share_type":"default","_selected_social_profile":[],"_wpsp_enable_custom_social_template":false,"_wpsp_social_scheduling":{"enabled":false,"datetime":null,"platforms":[],"status":"template_only","dateOption":"today","timeOption":"now","customDays":"","customHours":"","customDate":"","customTime":"","schedulingType":"absolute"},"_wpsp_active_default_template":true},"class_list":["post-3061","page","type-page","status-publish","hentry"],"_links":{"self":[{"href":"https:\/\/www.vinaminni.is\/index.php?rest_route=\/wp\/v2\/pages\/3061","targetHints":{"allow":["GET"]}}],"collection":[{"href":"https:\/\/www.vinaminni.is\/index.php?rest_route=\/wp\/v2\/pages"}],"about":[{"href":"https:\/\/www.vinaminni.is\/index.php?rest_route=\/wp\/v2\/types\/page"}],"author":[{"embeddable":true,"href":"https:\/\/www.vinaminni.is\/index.php?rest_route=\/wp\/v2\/users\/2"}],"replies":[{"embeddable":true,"href":"https:\/\/www.vinaminni.is\/index.php?rest_route=%2Fwp%2Fv2%2Fcomments&post=3061"}],"version-history":[{"count":22,"href":"https:\/\/www.vinaminni.is\/index.php?rest_route=\/wp\/v2\/pages\/3061\/revisions"}],"predecessor-version":[{"id":7801,"href":"https:\/\/www.vinaminni.is\/index.php?rest_route=\/wp\/v2\/pages\/3061\/revisions\/7801"}],"wp:attachment":[{"href":"https:\/\/www.vinaminni.is\/index.php?rest_route=%2Fwp%2Fv2%2Fmedia&parent=3061"}],"curies":[{"name":"wp","href":"https:\/\/api.w.org\/{rel}","templated":true}]}}