{"id":3059,"date":"2016-11-20T11:38:02","date_gmt":"2016-11-20T11:38:02","guid":{"rendered":"http:\/\/www.vinaminni.is\/?page_id=3059"},"modified":"2026-04-12T19:45:25","modified_gmt":"2026-04-12T19:45:25","slug":"starfsaaetlanir","status":"publish","type":"page","link":"https:\/\/www.vinaminni.is\/?page_id=3059","title":{"rendered":"Sk\u00f3lan\u00e1mskr\u00e1 og starfs\u00e1\u00e6tlun"},"content":{"rendered":"<div class=\"wpb-content-wrapper\"><p>[vc_row][vc_column width=&#8220;1\/2&#8243;][vc_column_text css=&#8220;&#8220;]<\/p>\r\n<p>H\u00e9r m\u00e1 n\u00e1lgast n\u00e1mskr\u00e1 leiksk\u00f3lans Vinaminni 2025-2030<\/p>\r\n<p><strong><a href=\"http:\/\/www.vinaminni.is\/wp-content\/uploads\/2025\/08\/Skolanamskra-2025_rma.pdf\" target=\"_blank\" rel=\"noreferrer noopener\">Sk\u00f3lan\u00e1mskr\u00e1 Vinaninni 2025<\/a><\/strong><\/p>\r\n<p>[\/vc_column_text][\/vc_column][vc_column width=&#8220;1\/2&#8243;][vc_column_text css=&#8220;&#8220;]<\/p>\r\n<p>H\u00e9r m\u00e1 n\u00e1lgast starfs\u00e1\u00e6tlanir leiksk\u00f3lans<\/p>\r\n<p><strong><a href=\"http:\/\/www.vinaminni.is\/wp-content\/uploads\/2025\/08\/Leikskolinn-Vinaminni-Starfsaaetlun-2025-2026-LOKA.pdf\">Starfs\u00e1\u00e6tlun 2025-2026<\/a><br \/><\/strong><\/p>\r\n<p><strong><a href=\"http:\/\/www.vinaminni.is\/wp-content\/uploads\/2024\/10\/starfsaaetlun-2024-2025.pdf\">Starfs\u00e1\u00e6tlun 2024-2025<\/a><br \/><a href=\"http:\/\/www.vinaminni.is\/wp-content\/uploads\/2024\/10\/Starfsaaetlun-2023-2024_RMA.pdf\">Starfs\u00e1\u00e6tlun 2023-2024<\/a><br \/><a href=\"http:\/\/www.vinaminni.is\/wp-content\/uploads\/2023\/06\/starfsaaetlun-form-2022-2023-leikskoli-vor-22_RMA-loka.pdf\">Starfs\u00e1\u00e6tlun 2022-2023<\/a><br \/><a href=\"http:\/\/www.vinaminni.is\/wp-content\/uploads\/2021\/09\/Starfsaaetlun2021-2022.pdf\">Starfs\u00e1\u00e6tlun 2021-2022<\/a><\/strong><\/p>\r\n<p>&nbsp;<\/p>\r\n\r\n<p>&nbsp;<\/p>\r\n<p>[\/vc_column_text][\/vc_column][\/vc_row][vc_row][vc_column][vc_empty_space][vc_empty_space][\/vc_column][\/vc_row]<\/p><\/div>","protected":false},"excerpt":{"rendered":"<p>[vc_row][vc_column width=&#8220;1\/2&#8243;][vc_column_text css=&#8220;&#8220;] H\u00e9r m\u00e1 n\u00e1lgast n\u00e1mskr\u00e1 leiksk\u00f3lans Vinaminni 2025-2030 Sk\u00f3lan\u00e1mskr\u00e1 Vinaninni 2025 [\/vc_column_text][\/vc_column][vc_column width=&#8220;1\/2&#8243;][vc_column_text css=&#8220;&#8220;] H\u00e9r m\u00e1 n\u00e1lgast starfs\u00e1\u00e6tlanir leiksk\u00f3lans Starfs\u00e1\u00e6tlun 2025-2026 Starfs\u00e1\u00e6tlun 2024-2025Starfs\u00e1\u00e6tlun 2023-2024Starfs\u00e1\u00e6tlun 2022-2023Starfs\u00e1\u00e6tlun 2021-2022 &nbsp; &nbsp; [\/vc_column_text][\/vc_column][\/vc_row][vc_row][vc_column][vc_empty_space][vc_empty_space][\/vc_column][\/vc_row]<\/p>\n","protected":false},"author":2,"featured_media":0,"parent":0,"menu_order":0,"comment_status":"closed","ping_status":"closed","template":"","meta":{"footnotes":""},"class_list":["post-3059","page","type-page","status-publish","hentry"],"_links":{"self":[{"href":"https:\/\/www.vinaminni.is\/index.php?rest_route=\/wp\/v2\/pages\/3059","targetHints":{"allow":["GET"]}}],"collection":[{"href":"https:\/\/www.vinaminni.is\/index.php?rest_route=\/wp\/v2\/pages"}],"about":[{"href":"https:\/\/www.vinaminni.is\/index.php?rest_route=\/wp\/v2\/types\/page"}],"author":[{"embeddable":true,"href":"https:\/\/www.vinaminni.is\/index.php?rest_route=\/wp\/v2\/users\/2"}],"replies":[{"embeddable":true,"href":"https:\/\/www.vinaminni.is\/index.php?rest_route=%2Fwp%2Fv2%2Fcomments&post=3059"}],"version-history":[{"count":17,"href":"https:\/\/www.vinaminni.is\/index.php?rest_route=\/wp\/v2\/pages\/3059\/revisions"}],"predecessor-version":[{"id":7734,"href":"https:\/\/www.vinaminni.is\/index.php?rest_route=\/wp\/v2\/pages\/3059\/revisions\/7734"}],"wp:attachment":[{"href":"https:\/\/www.vinaminni.is\/index.php?rest_route=%2Fwp%2Fv2%2Fmedia&parent=3059"}],"curies":[{"name":"wp","href":"https:\/\/api.w.org\/{rel}","templated":true}]}}