{"id":14,"date":"2015-04-02T09:10:13","date_gmt":"2015-04-02T09:10:13","guid":{"rendered":"http:\/\/demo.cmssuperheroes.com\/themeforest\/wp-kindergarten\/?page_id=14"},"modified":"2026-04-19T14:59:20","modified_gmt":"2026-04-19T14:59:20","slug":"home","status":"publish","type":"page","link":"https:\/\/www.vinaminni.is\/","title":{"rendered":"Leiksk\u00f3linn Vinaminni"},"content":{"rendered":"<div class=\"wpb-content-wrapper\"><p>[vc_row][vc_column][\/vc_column][\/vc_row][vc_row][vc_column width=&#8220;1\/2&#8243; css=&#8220;.vc_custom_1774461015709{background-position: 0 0 !important;background-repeat: no-repeat !important;}&#8220;][vc_single_image image=&#8220;7702&#8243; img_size=&#8220;large&#8220; css=&#8220;&#8220;][\/vc_column][vc_column width=&#8220;1\/2&#8243;][vc_column_text css=&#8220;&#8220;]<\/p>\n<h4><\/h4>\n<h4 style=\"text-align: center;\">\u00dear sem hvert barn f\u00e6r a\u00f0 bl\u00f3mstra \u00e1 eigin forsendum og er undirb\u00fai\u00f0 fyrir l\u00edfi\u00f0 me\u00f0 sj\u00e1lfst\u00e6\u00f0i og sj\u00e1lfstrausti a\u00f0 lei\u00f0arlj\u00f3si.<\/h4>\n<p>&nbsp;<\/p>\n<h5 style=\"text-align: center;\"><a href=\"https:\/\/www.vinaminni.is\/?page_id=2825\">Sj\u00e1\u00f0u h\u00e9r hvernig vi\u00f0 vinnum me\u00f0 b\u00f6rnunum<\/a><\/h5>\n<p>[\/vc_column_text][\/vc_column][vc_column][vc_column_text css=&#8220;&#8220;]<\/p>\n<h1><\/h1>\n<p>&nbsp;<\/p>\n<h1><\/h1>\n<p>[\/vc_column_text][\/vc_column][\/vc_row][vc_row][vc_column width=&#8220;1\/3&#8243; css=&#8220;.vc_custom_1430904198118{padding-right: 30px !important;padding-left: 30px !important;}&#8220;][cms_fancybox content_align=&#8220;center&#8220; title1=&#8220;Ums\u00f3knir&#8220; button_link1=&#8220;https:\/\/www.vinaminni.is\/?page_id=3057&#8243; button_type=&#8220;text&#8220; button_text=&#8220;S\u00c6KJA UM&#8220; cms_fancybox_boder_color=&#8220;#0f9fbc&#8220; cms_fancybox_bg_color=&#8220;#34bfdb&#8220; text_more_info=&#8220;yes&#8220; cms_template=&#8220;cms_fancybox.php&#8220; image1=&#8220;343&#8243; text_more_info_color_hover=&#8220;#34bfdb&#8220; description1=&#8220;\u00dear sem leikurinn er a\u00f0aln\u00e1mslei\u00f0 barnanna. Fyrir dv\u00f6l \u00ed Vinaminni s\u00e6ktu um h\u00e9r&#8220;][vc_empty_space][\/vc_column][vc_column width=&#8220;1\/3&#8243;][cms_fancybox content_align=&#8220;center&#8220; title1=&#8220;Vi\u00f0bur\u00f0ir&#8220; button_link1=&#8220;https:\/\/www.vinaminni.is\/?page_id=3484&#8243; button_type=&#8220;text&#8220; button_text=&#8220;Sj\u00e1\u00f0u hva\u00f0 er a\u00f0 gerast&#8220; cms_title_size=&#8220;h3&#8243; cms_fancybox_boder_color=&#8220;#ba2b6f&#8220; cms_fancybox_bg_color=&#8220;#da5192&#8243; text_more_info=&#8220;yes&#8220; cms_template=&#8220;cms_fancybox.php&#8220; image1=&#8220;342&#8243; text_more_info_color_hover=&#8220;#da5192&#8243; description1=&#8220;\u00dea\u00f0 er alltaf n\u00f3g a\u00f0 gera \u00ed Vinaminni, \u00fev\u00ed er gott a\u00f0 kynna s\u00e9r vi\u00f0bur\u00f0a dagatali\u00f0 til a\u00f0 missa ekki af fj\u00f6rinu.&#8220;][vc_empty_space][vc_empty_space][\/vc_column][vc_column width=&#8220;1\/3&#8243;][cms_fancybox content_align=&#8220;center&#8220; title1=&#8220;Matse\u00f0ill&#8220; button_link1=&#8220;http:\/\/www.vinaminni.is\/?page_id=3694&#8243; button_type=&#8220;text&#8220; button_text=&#8220;Athuga\u00f0u hva\u00f0 er a\u00f0 bor\u00f0a&#8220; cms_fancybox_boder_color=&#8220;#c05631&#8243; cms_fancybox_bg_color=&#8220;#ea8360&#8243; text_more_info=&#8220;yes&#8220; cms_template=&#8220;cms_fancybox.php&#8220; image1=&#8220;344&#8243; text_more_info_color_hover=&#8220;#ea8360&#8243; description1=&#8220;H\u00e9r er hollur og fj\u00f6lbreyttur matur<br \/>\n\u00ed bo\u00f0i alla vikuna&#8220;][\/vc_column][vc_column][\/vc_column][\/vc_row][vc_row css=&#8220;.vc_custom_1769959262652{background-position: center !important;background-repeat: no-repeat !important;background-size: cover !important;}&#8220;][vc_column][vc_empty_space height=&#8220;75px&#8220;][vc_column_text css=&#8220;&#8220;]<\/p>\n<h2 style=\"text-align: center;\">\u00a0Leikurinn \u00e1 v\u00edsd\u00f3m veit<\/h2>\n<p>eru einkunnaror\u00f0 leiksk\u00f3lans \u00fear sem leikurinn \u00ed allri sinni fj\u00f6lbreytni er kjarninn \u00ed uppeldisstarfi allra leiksk\u00f3la. Leikurinn er a\u00f0aln\u00e1mslei\u00f0 barnsins \u00fear sem fj\u00f6l\u00fe\u00e6tt upplifun elur af s\u00e9r \u00feekkingu, n\u00fdjar tilfinningar, n\u00fdjar athafnir og leikni.[\/vc_column_text][vc_empty_space height=&#8220;25px&#8220;][vc_empty_space height=&#8220;25px&#8220;][vc_column_text css=&#8220;&#8220;]<\/p>\n<h2 style=\"text-align: center;\">Markmi\u00f0 leiksk\u00f3lans Vinaminni<\/h2>\n<p>[\/vc_column_text][vc_empty_space height=&#8220;60px&#8220;][vc_row_inner][vc_column_inner width=&#8220;1\/2&#8243;][cms_fancybox title1=&#8220;Sj\u00e1lfst\u00e6\u00f0i&#8220; button_link1=&#8220;&#8220; button_type=&#8220;text&#8220; cms_fancybox_bg_content_color=&#8220;#6f4793&#8243; description1=&#8220;A\u00f0 hvetja b\u00f6rnin til sj\u00e1lfst\u00e6\u00f0is, sj\u00e1lfsvitundar og sty\u00f0ja \u00feau \u00ed tr\u00fa \u00e1 eigin getu og samskipti \u00feeirra einkennist af vir\u00f0ingu og jafnr\u00e6tti \u00f3h\u00e1\u00f0 uppruna og margbreytileika.&#8220; cms_template=&#8220;cms_fancybox&#8211;layout-1.php&#8220;][vc_empty_space height=&#8220;30px&#8220;][cms_fancybox title1=&#8220;Gle\u00f0i&#8220; button_link1=&#8220;&#8220; button_type=&#8220;text&#8220; cms_fancybox_bg_content_color=&#8220;#dc5f9a&#8220; description1=&#8220;A\u00f0 b\u00f6rnin \u00f6\u00f0list hamingju og gle\u00f0i \u00ed leiksk\u00f3lastarfinu og \u00feau finni sig hluta af heild&#8220; cms_template=&#8220;cms_fancybox&#8211;layout-1.php&#8220;][vc_empty_space height=&#8220;30px&#8220;][\/vc_column_inner][vc_column_inner width=&#8220;1\/2&#8243;][cms_fancybox title1=&#8220;M\u00e1l\u00feroski&#8220; button_link1=&#8220;&#8220; button_type=&#8220;text&#8220; cms_fancybox_bg_content_color=&#8220;#86ba4e&#8220; description1=&#8220;A\u00f0 veita b\u00f6rnunum l\u00e6sishvetjandi umhverfi, stu\u00f0la a\u00f0 g\u00f3\u00f0u \u00edslensku m\u00e1li og sty\u00f0ja vi\u00f0 og hj\u00e1lpa \u00feeim b\u00f6rnum sem standa h\u00f6llum f\u00e6ti \u00ed \u00edslenskunni.&#8220; cms_template=&#8220;cms_fancybox&#8211;layout-1.php&#8220;][vc_empty_space height=&#8220;30px&#8220;][cms_fancybox title1=&#8220;Foreldrasamstarf&#8220; button_link1=&#8220;&#8220; button_type=&#8220;text&#8220; cms_fancybox_bg_content_color=&#8220;#ec8d6c&#8220; description1=&#8220;A\u00f0 samstarf foreldra og leiksk\u00f3la s\u00e9 traust og g\u00f3\u00f0, a\u00f0 foreldrar komi me\u00f0 uppbyggilega gagnr\u00fdni \u00e1 starf leiksk\u00f3lans sem lei\u00f0ir af s\u00e9r metna\u00f0arfyllri menntun barnanna svo n\u00e1m og vell\u00ed\u00f0an \u00feeirra ver\u00f0i meiri og betri&#8220; cms_template=&#8220;cms_fancybox&#8211;layout-1.php&#8220;][vc_empty_space height=&#8220;30px&#8220;][\/vc_column_inner][\/vc_row_inner][\/vc_column][\/vc_row][vc_row][vc_column width=&#8220;1\/2&#8243;][\/vc_column][vc_column width=&#8220;1\/2&#8243;][\/vc_column][\/vc_row]<\/p>\n<\/div>","protected":false},"excerpt":{"rendered":"<p>[vc_row][vc_column][\/vc_column][\/vc_row][vc_row][vc_column width=&#8220;1\/2&#8243; css=&#8220;.vc_custom_1774461015709{background-position: 0 0 !important;background-repeat: no-repeat !important;}&#8220;][vc_single_image image=&#8220;7702&#8243; img_size=&#8220;large&#8220; css=&#8220;&#8220;][\/vc_column][vc_column width=&#8220;1\/2&#8243;][vc_column_text css=&#8220;&#8220;] \u00dear sem hvert barn f\u00e6r a\u00f0 bl\u00f3mstra \u00e1 eigin forsendum og er undirb\u00fai\u00f0 fyrir l\u00edfi\u00f0 me\u00f0 sj\u00e1lfst\u00e6\u00f0i og sj\u00e1lfstrausti a\u00f0 lei\u00f0arlj\u00f3si. &nbsp; Sj\u00e1\u00f0u h\u00e9r hvernig vi\u00f0 vinnum me\u00f0 b\u00f6rnunum [\/vc_column_text][\/vc_column][vc_column][vc_column_text css=&#8220;&#8220;] &nbsp; [\/vc_column_text][\/vc_column][\/vc_row][vc_row][vc_column width=&#8220;1\/3&#8243; css=&#8220;.vc_custom_1430904198118{padding-right: 30px !important;padding-left: 30px !important;}&#8220;][cms_fancybox content_align=&#8220;center&#8220; title1=&#8220;Ums\u00f3knir&#8220; button_link1=&#8220;https:\/\/www.vinaminni.is\/?page_id=3057&#8243; [&hellip;]<\/p>\n","protected":false},"author":2,"featured_media":0,"parent":0,"menu_order":0,"comment_status":"closed","ping_status":"closed","template":"","meta":{"footnotes":"","_wpscppro_dont_share_socialmedia":false,"_wpscppro_custom_social_share_image":0,"_facebook_share_type":"default","_twitter_share_type":"default","_linkedin_share_type":"default","_pinterest_share_type":"default","_linkedin_share_type_page":"","_instagram_share_type":"default","_medium_share_type":"default","_threads_share_type":"default","_google_business_share_type":"default","_selected_social_profile":[],"_wpsp_enable_custom_social_template":false,"_wpsp_social_scheduling":{"enabled":false,"datetime":null,"platforms":[],"status":"template_only","dateOption":"today","timeOption":"now","customDays":"","customHours":"","customDate":"","customTime":"","schedulingType":"absolute"},"_wpsp_active_default_template":true},"class_list":["post-14","page","type-page","status-publish","hentry"],"_links":{"self":[{"href":"https:\/\/www.vinaminni.is\/index.php?rest_route=\/wp\/v2\/pages\/14","targetHints":{"allow":["GET"]}}],"collection":[{"href":"https:\/\/www.vinaminni.is\/index.php?rest_route=\/wp\/v2\/pages"}],"about":[{"href":"https:\/\/www.vinaminni.is\/index.php?rest_route=\/wp\/v2\/types\/page"}],"author":[{"embeddable":true,"href":"https:\/\/www.vinaminni.is\/index.php?rest_route=\/wp\/v2\/users\/2"}],"replies":[{"embeddable":true,"href":"https:\/\/www.vinaminni.is\/index.php?rest_route=%2Fwp%2Fv2%2Fcomments&post=14"}],"version-history":[{"count":200,"href":"https:\/\/www.vinaminni.is\/index.php?rest_route=\/wp\/v2\/pages\/14\/revisions"}],"predecessor-version":[{"id":7795,"href":"https:\/\/www.vinaminni.is\/index.php?rest_route=\/wp\/v2\/pages\/14\/revisions\/7795"}],"wp:attachment":[{"href":"https:\/\/www.vinaminni.is\/index.php?rest_route=%2Fwp%2Fv2%2Fmedia&parent=14"}],"curies":[{"name":"wp","href":"https:\/\/api.w.org\/{rel}","templated":true}]}}